{"id":616,"date":"2023-12-29T09:41:04","date_gmt":"2023-12-29T07:41:04","guid":{"rendered":"https:\/\/www.escoladeiogakumari.cat\/?page_id=616"},"modified":"2024-01-09T18:09:06","modified_gmt":"2024-01-09T16:09:06","slug":"quien-soy","status":"publish","type":"page","link":"https:\/\/www.escoladeiogakumari.cat\/es\/quien-soy\/","title":{"rendered":"QUIEN SOY"},"content":{"rendered":"<div class=\"wpb-content-wrapper\"><p>[vc_row css_animation=\u00bb\u00bb row_type=\u00bbrow\u00bb use_row_as_full_screen_section=\u00bbno\u00bb type=\u00bbfull_width\u00bb angled_section=\u00bbno\u00bb text_align=\u00bbleft\u00bb background_image_as_pattern=\u00bbwithout_pattern\u00bb][vc_column][vc_single_image image=\u00bb303&#8243; img_size=\u00bbfull\u00bb alignment=\u00bbcenter\u00bb qode_css_animation=\u00bb\u00bb][\/vc_column][\/vc_row][vc_row css_animation=\u00bb\u00bb row_type=\u00bbrow\u00bb use_row_as_full_screen_section=\u00bbno\u00bb type=\u00bbgrid\u00bb angled_section=\u00bbno\u00bb text_align=\u00bbleft\u00bb background_image_as_pattern=\u00bbwithout_pattern\u00bb z_index=\u00bb\u00bb][vc_column][vc_column_text]<\/p>\n<p style=\"text-align: center;\"><a href=\"\/es\">Inicio<\/a> \/\/ Quien soy<\/p>\n<p>[\/vc_column_text][\/vc_column][\/vc_row][vc_row css_animation=\u00bb\u00bb row_type=\u00bbrow\u00bb use_row_as_full_screen_section=\u00bbno\u00bb type=\u00bbgrid\u00bb angled_section=\u00bbno\u00bb text_align=\u00bbleft\u00bb background_image_as_pattern=\u00bbwithout_pattern\u00bb z_index=\u00bb\u00bb padding_top=\u00bb25&#8243; padding_bottom=\u00bb50&#8243; anchor=\u00bbinici\u00bb][vc_column][vc_column_text]<\/p>\n<h1 style=\"text-align: center;\">\u00bfQui\u00e9n es Kumari?<\/h1>\n<p>[\/vc_column_text][\/vc_column][\/vc_row][vc_row css_animation=\u00bb\u00bb row_type=\u00bbrow\u00bb use_row_as_full_screen_section=\u00bbno\u00bb type=\u00bbgrid\u00bb angled_section=\u00bbno\u00bb text_align=\u00bbleft\u00bb background_image_as_pattern=\u00bbwithout_pattern\u00bb z_index=\u00bb\u00bb padding_top=\u00bb25&#8243; padding_bottom=\u00bb75&#8243;][vc_column width=\u00bb1\/2&#8243;][vc_single_image image=\u00bb344&#8243; img_size=\u00bbfull\u00bb qode_css_animation=\u00bb\u00bb][vc_empty_space height=\u00bb75&#8243;][\/vc_column][vc_column width=\u00bb1\/2&#8243;][vc_column_text]<\/p>\n<h2 style=\"text-align: center;\">A\u00f1os de pasi\u00f3n por el Yoga y por la India<\/h2>\n<p>[\/vc_column_text][vc_separator type=\u00bbsmall\u00bb position=\u00bbcenter\u00bb color=\u00bb#000000&#8243; thickness=\u00bb1&#8243; width=\u00bb300&#8243; up=\u00bb10&#8243; down=\u00bb75&#8243;][qode_elements_holder number_of_columns=\u00bbone_column\u00bb][qode_elements_holder_item advanced_animations=\u00bbno\u00bb item_padding=\u00bb0px 25px 0px 25px\u00bb][vc_column_text]\u00a1Namast\u00e9!<\/p>\n<p>&nbsp;<\/p>\n<p>Soy <strong>Maribel<\/strong> (<strong>Kumar<\/strong>i). Nac\u00ed en Manlleu hace 53 a\u00f1os. Con 21 a\u00f1os recib\u00ed la primera clase de yoga y tuve claro que era lo que quer\u00eda hacer. Sin saberlo hab\u00eda empezado un largo, muy largo camino. Un camino que me ha llevado a conocer a muchos maestros y sabios, en todo el mundo.<\/p>\n<p>&nbsp;<\/p>\n<p>Empec\u00e9 a formarme r\u00e1pidamente. Mi primera formaci\u00f3n fue <strong>Sivananda<\/strong> en <strong>Neyyar Dam (India)<\/strong>, y cada a\u00f1o iba un par de meses para quedarme en el <strong>Ashram<\/strong> . De 2006 a 2010 me hago formar a <strong>Sadhana en Yoga Integral<\/strong> donde despu\u00e9s me form\u00e9 como <strong>Yoga terapeuta<\/strong> e hice el <strong>Master en Yoga<\/strong>.<\/p>\n<p>&nbsp;<\/p>\n<p>En uno de estos viajes a la India llego a <strong>Anantapur<\/strong>, en la <a href=\"https:\/\/www.fundacionvicenteferrer.org\/es\/\" target=\"_blank\" rel=\"noopener\"><strong>Fundaci\u00f3n Vicen\u00e7 Ferrer<\/strong><\/a>. Despu\u00e9s de conocerlo y conocer sus proyectos, en mi cabeza s\u00f3lo hab\u00eda un pensamiento: <strong>TRABAJAR POR LA FUNDACI\u00d3N<\/strong>. Y fue de 2013 a 2014 que pude unir mis dos pasiones: tuve la oportunidad de formar a 17 profesores de yoga que ahora imparten clases en los diferentes espacios de la Fundaci\u00f3n en la India.<\/p>\n<p>&nbsp;<\/p>\n<p>De 2014 a 2017 empiezo el estudio del <strong>Lam Rim<\/strong> con <strong>Isidre Gordi<\/strong>. La Iniciaci\u00f3n de <strong>Avalokitesvara<\/strong>, tuve la gran suerte de recibir la por <strong>S.S. el Dalai Lama<\/strong> el 28 de junio de 2012 en Mil\u00e1n.<\/p>\n<p>&nbsp;<\/p>\n<p>Despu\u00e9s de m\u00e1s de 20 a\u00f1os como profesora de yoga tuve la necesidad de abrir mi propio centro, para poder transmitir todo lo que el Yoga y la meditaci\u00f3n me han dado.<\/p>\n<p>&nbsp;<\/p>\n<p>Y sigo aprendiendo en este camino todos los d\u00edas, sobre todo de mis queridos alumnos que son mi fuente de inspiraci\u00f3n.[\/vc_column_text][\/qode_elements_holder_item][\/qode_elements_holder][\/vc_column][\/vc_row]<\/p>\n<\/div>","protected":false},"excerpt":{"rendered":"<p>[vc_row css_animation=\u00bb\u00bb row_type=\u00bbrow\u00bb use_row_as_full_screen_section=\u00bbno\u00bb type=\u00bbfull_width\u00bb angled_section=\u00bbno\u00bb text_align=\u00bbleft\u00bb background_image_as_pattern=\u00bbwithout_pattern\u00bb][vc_column][vc_single_image image=\u00bb303&#8243; img_size=\u00bbfull\u00bb alignment=\u00bbcenter\u00bb qode_css_animation=\u00bb\u00bb][\/vc_column][\/vc_row][vc_row css_animation=\u00bb\u00bb row_type=\u00bbrow\u00bb use_row_as_full_screen_section=\u00bbno\u00bb type=\u00bbgrid\u00bb angled_section=\u00bbno\u00bb text_align=\u00bbleft\u00bb background_image_as_pattern=\u00bbwithout_pattern\u00bb z_index=\u00bb\u00bb][vc_column][vc_column_text] Inicio \/\/ Quien soy [\/vc_column_text][\/vc_column][\/vc_row][vc_row css_animation=\u00bb\u00bb row_type=\u00bbrow\u00bb use_row_as_full_screen_section=\u00bbno\u00bb type=\u00bbgrid\u00bb angled_section=\u00bbno\u00bb text_align=\u00bbleft\u00bb background_image_as_pattern=\u00bbwithout_pattern\u00bb z_index=\u00bb\u00bb padding_top=\u00bb25&#8243; padding_bottom=\u00bb50&#8243; anchor=\u00bbinici\u00bb][vc_column][vc_column_text] \u00bfQui\u00e9n es Kumari? [\/vc_column_text][\/vc_column][\/vc_row][vc_row css_animation=\u00bb\u00bb row_type=\u00bbrow\u00bb use_row_as_full_screen_section=\u00bbno\u00bb type=\u00bbgrid\u00bb angled_section=\u00bbno\u00bb&hellip; <a class=\"continue\" href=\"https:\/\/www.escoladeiogakumari.cat\/es\/quien-soy\/\">CONTINUAR >>><span> QUIEN SOY<\/span><\/a><\/p>\n","protected":false},"author":1,"featured_media":0,"parent":0,"menu_order":0,"comment_status":"closed","ping_status":"closed","template":"full_width.php","meta":{"footnotes":""},"class_list":["post-616","page","type-page","status-publish","hentry"],"_links":{"self":[{"href":"https:\/\/www.escoladeiogakumari.cat\/es\/wp-json\/wp\/v2\/pages\/616","targetHints":{"allow":["GET"]}}],"collection":[{"href":"https:\/\/www.escoladeiogakumari.cat\/es\/wp-json\/wp\/v2\/pages"}],"about":[{"href":"https:\/\/www.escoladeiogakumari.cat\/es\/wp-json\/wp\/v2\/types\/page"}],"author":[{"embeddable":true,"href":"https:\/\/www.escoladeiogakumari.cat\/es\/wp-json\/wp\/v2\/users\/1"}],"replies":[{"embeddable":true,"href":"https:\/\/www.escoladeiogakumari.cat\/es\/wp-json\/wp\/v2\/comments?post=616"}],"version-history":[{"count":1,"href":"https:\/\/www.escoladeiogakumari.cat\/es\/wp-json\/wp\/v2\/pages\/616\/revisions"}],"predecessor-version":[{"id":617,"href":"https:\/\/www.escoladeiogakumari.cat\/es\/wp-json\/wp\/v2\/pages\/616\/revisions\/617"}],"wp:attachment":[{"href":"https:\/\/www.escoladeiogakumari.cat\/es\/wp-json\/wp\/v2\/media?parent=616"}],"curies":[{"name":"wp","href":"https:\/\/api.w.org\/{rel}","templated":true}]}}