{"id":621,"date":"2023-12-29T10:09:44","date_gmt":"2023-12-29T08:09:44","guid":{"rendered":"https:\/\/www.escoladeiogakumari.cat\/?page_id=621"},"modified":"2025-08-05T14:26:07","modified_gmt":"2025-08-05T12:26:07","slug":"cursos-horarios-y-precios","status":"publish","type":"page","link":"https:\/\/www.escoladeiogakumari.cat\/es\/cursos-horarios-y-precios\/","title":{"rendered":"CURSOS, HORARIOS Y PRECIOS"},"content":{"rendered":"<div class=\"wpb-content-wrapper\"><p>[vc_row css_animation=\u00bb\u00bb row_type=\u00bbrow\u00bb use_row_as_full_screen_section=\u00bbno\u00bb type=\u00bbfull_width\u00bb angled_section=\u00bbno\u00bb text_align=\u00bbleft\u00bb background_image_as_pattern=\u00bbwithout_pattern\u00bb][vc_column][vc_single_image image=\u00bb303&#8243; img_size=\u00bbfull\u00bb alignment=\u00bbcenter\u00bb qode_css_animation=\u00bb\u00bb][\/vc_column][\/vc_row][vc_row css_animation=\u00bb\u00bb row_type=\u00bbrow\u00bb use_row_as_full_screen_section=\u00bbno\u00bb type=\u00bbgrid\u00bb angled_section=\u00bbno\u00bb text_align=\u00bbleft\u00bb background_image_as_pattern=\u00bbwithout_pattern\u00bb z_index=\u00bb\u00bb][vc_column][vc_column_text]<\/p>\n<p style=\"text-align: center;\"><a href=\"\/es\">Inicio<\/a> \/\/ Cursos, horarios y precios<\/p>\n<p>[\/vc_column_text][\/vc_column][\/vc_row][vc_row css_animation=\u00bb\u00bb row_type=\u00bbrow\u00bb use_row_as_full_screen_section=\u00bbno\u00bb type=\u00bbgrid\u00bb angled_section=\u00bbno\u00bb text_align=\u00bbleft\u00bb background_image_as_pattern=\u00bbwithout_pattern\u00bb z_index=\u00bb\u00bb padding_top=\u00bb25&#8243; padding_bottom=\u00bb50&#8243; anchor=\u00bbinici\u00bb][vc_column][vc_column_text]<\/p>\n<h1 style=\"text-align: center;\">Cursos, horarios y precios<\/h1>\n<p>[\/vc_column_text][\/vc_column][\/vc_row][vc_row css_animation=\u00bb\u00bb row_type=\u00bbrow\u00bb use_row_as_full_screen_section=\u00bbno\u00bb type=\u00bbgrid\u00bb angled_section=\u00bbno\u00bb text_align=\u00bbleft\u00bb background_image_as_pattern=\u00bbwithout_pattern\u00bb z_index=\u00bb\u00bb padding_top=\u00bb25&#8243; padding_bottom=\u00bb75&#8243;][vc_column width=\u00bb1\/2&#8243;][qode_elements_holder number_of_columns=\u00bbone_column\u00bb][qode_elements_holder_item advanced_animations=\u00bbno\u00bb item_padding=\u00bb0px 25px 0px 25px\u00bb][vc_column_text]<\/p>\n<h2>Cursos y horarios 2024-25<\/h2>\n<p>[\/vc_column_text][vc_separator type=\u00bbnormal\u00bb color=\u00bb#000000&#8243; thickness=\u00bb1&#8243; up=\u00bb25&#8243; down=\u00bb25&#8243;][vc_row_inner row_type=\u00bbrow\u00bb type=\u00bbfull_width\u00bb text_align=\u00bbleft\u00bb css_animation=\u00bb\u00bb][vc_column_inner width=\u00bb1\/2&#8243;][vc_column_text]<\/p>\n<h3 style=\"text-align: left;\">Lunes<\/h3>\n<p>[\/vc_column_text][vc_empty_space height=\u00bb20&#8243;][\/vc_column_inner][vc_column_inner width=\u00bb1\/2&#8243;][vc_column_text]<strong>Yoga:<\/strong> de 17.15 a 18.30 h.<\/p>\n<p><strong>Yoga:<\/strong> de 18.45 a 20.00 h.<\/p>\n<p><strong>Meditaci\u00f3n:<\/strong> de 20.15 a 21.15 h.[\/vc_column_text][\/vc_column_inner][\/vc_row_inner][vc_separator type=\u00bbnormal\u00bb color=\u00bb#000000&#8243; thickness=\u00bb1&#8243; up=\u00bb25&#8243; down=\u00bb25&#8243;][vc_row_inner row_type=\u00bbrow\u00bb type=\u00bbfull_width\u00bb text_align=\u00bbleft\u00bb css_animation=\u00bb\u00bb][vc_column_inner width=\u00bb1\/2&#8243;][vc_column_text]<\/p>\n<h3 style=\"text-align: left;\">Martes<\/h3>\n<p>[\/vc_column_text][vc_empty_space height=\u00bb20&#8243;][\/vc_column_inner][vc_column_inner width=\u00bb1\/2&#8243;][vc_column_text css=\u00bb\u00bb]<strong>Yoga:<\/strong> de 10.00 a 11.15 h.<\/p>\n<p><strong><span style=\"color: #00ffff;\">Aereo:<\/span><\/strong> de 18.45 a 19.45 h.<\/p>\n<p><strong>Yoga:<\/strong> de 20.15 a 21.30 h.[\/vc_column_text][\/vc_column_inner][\/vc_row_inner][vc_separator type=\u00bbnormal\u00bb color=\u00bb#000000&#8243; thickness=\u00bb1&#8243; up=\u00bb25&#8243; down=\u00bb25&#8243;][vc_row_inner row_type=\u00bbrow\u00bb type=\u00bbfull_width\u00bb text_align=\u00bbleft\u00bb css_animation=\u00bb\u00bb][vc_column_inner width=\u00bb1\/2&#8243;][vc_column_text]<\/p>\n<h3 style=\"text-align: left;\">Mi\u00e9rcoles<\/h3>\n<p>[\/vc_column_text][vc_empty_space height=\u00bb20&#8243;][\/vc_column_inner][vc_column_inner width=\u00bb1\/2&#8243;][vc_column_text]<strong>Yoga:<\/strong> de 17.30 a 18.45 h.<\/p>\n<p><strong>Yoga:<\/strong> de 19.00 a 20.15 h.[\/vc_column_text][\/vc_column_inner][\/vc_row_inner][vc_separator type=\u00bbnormal\u00bb color=\u00bb#000000&#8243; thickness=\u00bb1&#8243; up=\u00bb25&#8243; down=\u00bb25&#8243;][vc_row_inner row_type=\u00bbrow\u00bb type=\u00bbfull_width\u00bb text_align=\u00bbleft\u00bb css_animation=\u00bb\u00bb][vc_column_inner width=\u00bb1\/2&#8243;][vc_column_text]<\/p>\n<h3 style=\"text-align: left;\">Jueves<\/h3>\n<p>[\/vc_column_text][vc_empty_space height=\u00bb20&#8243;][\/vc_column_inner][vc_column_inner width=\u00bb1\/2&#8243;][vc_column_text css=\u00bb\u00bb]<span style=\"color: #00ffff;\"><strong>Aereo:<\/strong><\/span> de 10.00 a 11.00 h.<\/p>\n<p><strong>Yoga*:<\/strong> de 16.30 a 17.45 h.<\/p>\n<p><strong>Yoga:<\/strong> de 19.30 a 20.45 h.[\/vc_column_text][\/vc_column_inner][\/vc_row_inner][vc_separator type=\u00bbnormal\u00bb color=\u00bb#000000&#8243; thickness=\u00bb1&#8243; up=\u00bb25&#8243; down=\u00bb25&#8243;][vc_column_text css=\u00bb\u00bb]El curso 2025-26 comienza el 1 de septiembre de 2025 y termina el 24 de julio de 2026.<\/p>\n<p>&nbsp;<\/p>\n<p>* Este curso tambi\u00e9n tiene modalidad ONLINE. Disfruta del bienestar de la pr\u00e1ctica de Yoga desde casa o donde quiera que est\u00e9s.[\/vc_column_text][\/qode_elements_holder_item][\/qode_elements_holder][vc_empty_space height=\u00bb75&#8243;][\/vc_column][vc_column width=\u00bb1\/2&#8243;][qode_elements_holder number_of_columns=\u00bbone_column\u00bb][qode_elements_holder_item advanced_animations=\u00bbno\u00bb item_padding=\u00bb0px 25px 0px 25px\u00bb][vc_column_text]<\/p>\n<h2>Precios<\/h2>\n<p>[\/vc_column_text][vc_separator type=\u00bbnormal\u00bb color=\u00bb#000000&#8243; thickness=\u00bb1&#8243; up=\u00bb25&#8243; down=\u00bb25&#8243;][vc_column_text css=\u00bb\u00bb]<strong>Matr\u00edcula:<\/strong> 40,00\u20ac<\/p>\n<p><strong>Mensualidad (1 clase semanal):<\/strong> 38,00\u20ac<\/p>\n<p><strong>Mensualidad (2 clases semanales):<\/strong> 56,00\u20ac<\/p>\n<p><strong>Meditaci\u00f3n:<\/strong> 29,00\u20ac<\/p>\n<p><strong>Vale 1 clase:<\/strong> 12,00 \u20ac<\/p>\n<p><strong>Vale 4 clases:<\/strong> 45,00\u20ac<\/p>\n<p><strong>Cuota de mantenimiento:<\/strong> 18,00\u20ac[\/vc_column_text][vc_separator type=\u00bbnormal\u00bb color=\u00bb#000000&#8243; thickness=\u00bb1&#8243; up=\u00bb25&#8243; down=\u00bb25&#8243;]<a  itemprop=\"url\" href=\"\/es\/tienda-kumari\/\" target=\"_self\"  class=\"qbutton  default\" style=\"\">C\u00d3MPRALO EN LA TIENDA<\/a>[vc_empty_space height=\u00bb75&#8243;][vc_column_text]<\/p>\n<h2>Condiciones<\/h2>\n<p>[\/vc_column_text][vc_separator type=\u00bbnormal\u00bb color=\u00bb#000000&#8243; thickness=\u00bb1&#8243; up=\u00bb25&#8243; down=\u00bb25&#8243;][vc_column_text]<\/p>\n<ul>\n<li>El abono de las mensualidades se realizar\u00e1 por domiciliaci\u00f3n bancaria.<\/li>\n<li>La matr\u00edcula de la escuela se pagar\u00e1 solo una vez (en caso de no darse de baja) Incluye una bolsa de la escuela y descuentos en clases, actividades y talleres organizados en el centro.<\/li>\n<li>Existe la posibilidad de pagar la cuota de mantenimiento en caso de que no se pueda asistir al centro por un tiempo determinado, por no tener que volver a pagar la matr\u00edcula.<\/li>\n<li>El curso 2024-25 comienza el 2 de septiembre de 2024 y termina el 26 de julio de 2025. El mes de agosto es de vacaciones.<\/li>\n<li>Las clases que no puede hacer se pueden recuperar durante todo el curso, eso s\u00ed, debe avisar con tiempo del d\u00eda que vendr\u00e1 a recuperar.<\/li>\n<li>Se recomienda no comer 2 horas antes de la clase.<\/li>\n<li>Cualquier molestia o indisposici\u00f3n, debe comunicarse antes de la clase para evitar pr\u00e1cticas inapropiadas.<\/li>\n<li>Si se quiere dar de baja, se debe comunicar 15 d\u00edas antes de que comience el mes, para que no cobre ese mes y se pueda aprovechar la plaza.<\/li>\n<\/ul>\n<p>[\/vc_column_text][vc_separator type=\u00bbnormal\u00bb color=\u00bb#000000&#8243; thickness=\u00bb1&#8243; up=\u00bb25&#8243; down=\u00bb25&#8243;][\/qode_elements_holder_item][\/qode_elements_holder][\/vc_column][\/vc_row]<\/p>\n<\/div>","protected":false},"excerpt":{"rendered":"<p>[vc_row css_animation=\u00bb\u00bb row_type=\u00bbrow\u00bb use_row_as_full_screen_section=\u00bbno\u00bb type=\u00bbfull_width\u00bb angled_section=\u00bbno\u00bb text_align=\u00bbleft\u00bb background_image_as_pattern=\u00bbwithout_pattern\u00bb][vc_column][vc_single_image image=\u00bb303&#8243; img_size=\u00bbfull\u00bb alignment=\u00bbcenter\u00bb qode_css_animation=\u00bb\u00bb][\/vc_column][\/vc_row][vc_row css_animation=\u00bb\u00bb row_type=\u00bbrow\u00bb use_row_as_full_screen_section=\u00bbno\u00bb type=\u00bbgrid\u00bb angled_section=\u00bbno\u00bb text_align=\u00bbleft\u00bb background_image_as_pattern=\u00bbwithout_pattern\u00bb z_index=\u00bb\u00bb][vc_column][vc_column_text] Inicio \/\/ Cursos, horarios y precios [\/vc_column_text][\/vc_column][\/vc_row][vc_row css_animation=\u00bb\u00bb row_type=\u00bbrow\u00bb use_row_as_full_screen_section=\u00bbno\u00bb type=\u00bbgrid\u00bb angled_section=\u00bbno\u00bb text_align=\u00bbleft\u00bb background_image_as_pattern=\u00bbwithout_pattern\u00bb z_index=\u00bb\u00bb padding_top=\u00bb25&#8243; padding_bottom=\u00bb50&#8243; anchor=\u00bbinici\u00bb][vc_column][vc_column_text] Cursos, horarios y precios [\/vc_column_text][\/vc_column][\/vc_row][vc_row css_animation=\u00bb\u00bb row_type=\u00bbrow\u00bb&hellip; <a class=\"continue\" href=\"https:\/\/www.escoladeiogakumari.cat\/es\/cursos-horarios-y-precios\/\">CONTINUAR >>><span> CURSOS, HORARIOS Y PRECIOS<\/span><\/a><\/p>\n","protected":false},"author":1,"featured_media":0,"parent":0,"menu_order":0,"comment_status":"closed","ping_status":"closed","template":"full_width.php","meta":{"footnotes":""},"class_list":["post-621","page","type-page","status-publish","hentry"],"_links":{"self":[{"href":"https:\/\/www.escoladeiogakumari.cat\/es\/wp-json\/wp\/v2\/pages\/621","targetHints":{"allow":["GET"]}}],"collection":[{"href":"https:\/\/www.escoladeiogakumari.cat\/es\/wp-json\/wp\/v2\/pages"}],"about":[{"href":"https:\/\/www.escoladeiogakumari.cat\/es\/wp-json\/wp\/v2\/types\/page"}],"author":[{"embeddable":true,"href":"https:\/\/www.escoladeiogakumari.cat\/es\/wp-json\/wp\/v2\/users\/1"}],"replies":[{"embeddable":true,"href":"https:\/\/www.escoladeiogakumari.cat\/es\/wp-json\/wp\/v2\/comments?post=621"}],"version-history":[{"count":7,"href":"https:\/\/www.escoladeiogakumari.cat\/es\/wp-json\/wp\/v2\/pages\/621\/revisions"}],"predecessor-version":[{"id":923,"href":"https:\/\/www.escoladeiogakumari.cat\/es\/wp-json\/wp\/v2\/pages\/621\/revisions\/923"}],"wp:attachment":[{"href":"https:\/\/www.escoladeiogakumari.cat\/es\/wp-json\/wp\/v2\/media?parent=621"}],"curies":[{"name":"wp","href":"https:\/\/api.w.org\/{rel}","templated":true}]}}