{"id":704,"date":"2023-12-27T09:22:18","date_gmt":"2023-12-27T07:22:18","guid":{"rendered":"https:\/\/www.escoladeiogakumari.cat\/?page_id=704"},"modified":"2024-01-09T18:06:36","modified_gmt":"2024-01-09T16:06:36","slug":"politica-de-cookies","status":"publish","type":"page","link":"https:\/\/www.escoladeiogakumari.cat\/es\/inicio\/politica-de-cookies\/","title":{"rendered":"POL\u00cdTICA DE COOKIES"},"content":{"rendered":"<div class=\"wpb-content-wrapper\"><p>[vc_row css_animation=\u00bb\u00bb row_type=\u00bbrow\u00bb use_row_as_full_screen_section=\u00bbno\u00bb type=\u00bbfull_width\u00bb angled_section=\u00bbno\u00bb text_align=\u00bbleft\u00bb background_image_as_pattern=\u00bbwithout_pattern\u00bb][vc_column][vc_single_image image=\u00bb200&#8243; img_size=\u00bbfull\u00bb alignment=\u00bbcenter\u00bb qode_css_animation=\u00bb\u00bb][\/vc_column][\/vc_row][vc_row css_animation=\u00bb\u00bb row_type=\u00bbrow\u00bb use_row_as_full_screen_section=\u00bbno\u00bb type=\u00bbgrid\u00bb angled_section=\u00bbno\u00bb text_align=\u00bbleft\u00bb background_image_as_pattern=\u00bbwithout_pattern\u00bb z_index=\u00bb\u00bb][vc_column][vc_column_text]<\/p>\n<p style=\"text-align: center;\"><a href=\"\/es\">Inicio<\/a> \/\/ Pol\u00edtica de Cookies<\/p>\n<p>[\/vc_column_text][\/vc_column][\/vc_row][vc_row css_animation=\u00bb\u00bb row_type=\u00bbrow\u00bb use_row_as_full_screen_section=\u00bbno\u00bb type=\u00bbgrid\u00bb angled_section=\u00bbno\u00bb text_align=\u00bbleft\u00bb background_image_as_pattern=\u00bbwithout_pattern\u00bb z_index=\u00bb\u00bb padding_top=\u00bb25&#8243; padding_bottom=\u00bb75&#8243; anchor=\u00bbinici\u00bb][vc_column][vc_column_text]<\/p>\n<h1 style=\"text-align: center;\">Pol\u00edtica de Cookies<\/h1>\n<p>[\/vc_column_text][vc_empty_space height=\u00bb75&#8243;][vc_column_text]<\/p>\n<div class=\"wpb_text_column wpb_content_element \">\n<div class=\"wpb_wrapper\">\n<p>Una Cookie es un archivo que se descarga en su ordenador al acceder a determinadas p\u00e1ginas web. Las cookies permiten a una p\u00e1gina web, entre otras cosas, almacenar y recuperar informaci\u00f3n sobre los h\u00e1bitos de navegaci\u00f3n de un usuario o de su equipo y, dependiendo de la informaci\u00f3n que contenga y de la forma en que utilice su equipo, se pueden utilizar para reconocer al usuario.<\/p>\n<p>&nbsp;<\/p>\n<p>&nbsp;<\/p>\n<p>Las cookies son esenciales para el funcionamiento de internet, aportando innumerables ventajas en la prestaci\u00f3n de servicios interactivos, facilitando la navegaci\u00f3n y usabilidad de nuestra web.<\/p>\n<p>&nbsp;<\/p>\n<p>La informaci\u00f3n que le proporcionamos a continuaci\u00f3n, le ayudar\u00e1 a comprender los diferentes tipos de cookies:<\/p>\n<\/div>\n<\/div>\n<p>&nbsp;<\/p>\n<div class=\"vc_empty_space\">[vc_empty_space height=\u00bb50&#8243;]<\/div>\n<h2>TIPO DE COOKIES<\/h2>\n<div class=\"separator small left \">[vc_separator type=\u00bbsmall\u00bb position=\u00bbleft\u00bb color=\u00bb#0a0a0a\u00bb thickness=\u00bb1&#8243; up=\u00bb10&#8243; down=\u00bb10&#8243;]<\/div>\n<div>[vc_empty_space height=\u00bb30&#8243;]<\/div>\n<ul>\n<li style=\"list-style-type: none;\">\n<ul>\n<li style=\"list-style-type: none;\">\n<ul>\n<li><strong>SEG\u00daN LA ENTIDAD QUE LAS GESTIONE:<\/strong>\n<ul>\n<li style=\"list-style-type: none;\">\n<ul>\n<li>Cookies propias: son aquellas que se recaudan por el propio editor para prestar el servicio solicitado por el usuario.<\/li>\n<li>Cookies de tercero: son aquellas que son recogidas y gestionadas por un tercero, estas no se pueden considerar propias.<\/li>\n<\/ul>\n<\/li>\n<\/ul>\n<\/li>\n<\/ul>\n<\/li>\n<\/ul>\n<\/li>\n<\/ul>\n<p>[vc_empty_space height=\u00bb50&#8243;]<\/p>\n<ul>\n<li style=\"list-style-type: none;\">\n<ul>\n<li style=\"list-style-type: none;\">\n<ul>\n<li><strong>SEG\u00daN EL PLAZO DE TIEMPO QUE RESTARAN ACTIVADAS:<\/strong>\n<ul>\n<li style=\"list-style-type: none;\">\n<ul>\n<li>Cookies de sesi\u00f3n: recogen datos mientras el usuario navega por la red con el fin de prestar el servicio solicitado.<\/li>\n<li>Cookies persistentes: se almacenan en el terminal y la informaci\u00f3n obtenida, ser\u00e1 utilizada por el responsable de la cookie con el fin de prestar el servicio solicitado.<\/li>\n<\/ul>\n<\/li>\n<\/ul>\n<\/li>\n<\/ul>\n<\/li>\n<\/ul>\n<\/li>\n<\/ul>\n<p>[vc_empty_space height=\u00bb50&#8243;]<\/p>\n<ul>\n<li style=\"list-style-type: none;\">\n<ul>\n<li style=\"list-style-type: none;\">\n<ul>\n<li><strong>SEG\u00daN LA FINALIDAD:<\/strong>\n<ul>\n<li style=\"list-style-type: none;\">\n<ul>\n<li>Cookies t\u00e9cnicas: son las necesarias para la correcta navegaci\u00f3n por la web.<\/li>\n<li>Cookies de personalizaci\u00f3n: permiten al usuario las caracter\u00edsticas (idioma) para la navegaci\u00f3n por la web.<\/li>\n<li>Cookies de an\u00e1lisis: permiten al prestamista el an\u00e1lisis vinculado a la navegaci\u00f3n realizada por el usuario, con el fin de llevar un seguimiento de uso de la p\u00e1gina web, as\u00ed como realizar estad\u00edsticas de los contenidos m\u00e1s visitados, n\u00famero de visitantes, etc .<\/li>\n<li>Cookies publicitarias: permiten al editor incluir en la web, espacios publicitarios, seg\u00fan el contenido de la misma web.<\/li>\n<li>Cookies de publicidad comportamental: permiten al editor incluir en la p\u00e1gina web espacios publicitarios seg\u00fan la informaci\u00f3n obtenida a trav\u00e9s de los h\u00e1bitos de navegaci\u00f3n del usuario.<\/li>\n<\/ul>\n<\/li>\n<\/ul>\n<\/li>\n<\/ul>\n<\/li>\n<\/ul>\n<\/li>\n<\/ul>\n<p>[vc_empty_space height=\u00bb50&#8243;]<\/p>\n<p>Seg\u00fan lo dispuesto en el art\u00edculo 22.2 de la Ley 34\/2002, de 11 de julio, de Servicios de la Sociedad de la Informaci\u00f3n y de Comercio Electr\u00f3nico (LSSI-CE), MARIA ISABEL RODR\u00cdGUEZ DE LA RUBIA \u2013 ESCUELA DE YOGA KUMARI informa de las cookies utilizadas en nuestra web (cookies propias y de terceros) con las finalidades descritas a continuaci\u00f3n:<\/p>\n<p>&nbsp;<\/p>\n\n<table id=\"tablepress-2\" class=\"tablepress tablepress-id-2\">\n<thead>\n<tr class=\"row-1\">\n\t<th class=\"column-1\">NOMBRE<\/th><th class=\"column-2\">TIPO<\/th><th class=\"column-3\">ORIGEN<\/th><th class=\"column-4\">DURACI\u00d3N<\/th><th class=\"column-5\">FUNCI\u00d3N<\/th>\n<\/tr>\n<\/thead>\n<tbody class=\"row-striping row-hover\">\n<tr class=\"row-2\">\n\t<td class=\"column-1\">wpEmojiSettingsSupports<\/td><td class=\"column-2\">Funcional<\/td><td class=\"column-3\">WordPress<\/td><td class=\"column-4\">Sesi\u00f3n<\/td><td class=\"column-5\">Almacena los detalles del navegador<\/td>\n<\/tr>\n<tr class=\"row-3\">\n\t<td class=\"column-1\">woocommerce_items_in_cart<\/td><td class=\"column-2\">Funcional<\/td><td class=\"column-3\">WooCommerce<\/td><td class=\"column-4\">Sesi\u00f3n<\/td><td class=\"column-5\">Almacena art\u00edculos en el carrito de la compra<\/td>\n<\/tr>\n<tr class=\"row-4\">\n\t<td class=\"column-1\">woocommerce_cart_hash<\/td><td class=\"column-2\">Funcional<\/td><td class=\"column-3\">WooCommerce<\/td><td class=\"column-4\">1 d\u00eda<\/td><td class=\"column-5\">Almacena art\u00edculos en el carrito de la compra<\/td>\n<\/tr>\n<tr class=\"row-5\">\n\t<td class=\"column-1\">wp_woocommerce_session_*<\/td><td class=\"column-2\">Funcional<\/td><td class=\"column-3\">WooCommerce<\/td><td class=\"column-4\">Sesi\u00f3n<\/td><td class=\"column-5\">Almacena las acciones realizadas por los usuarios en el sitio web<\/td>\n<\/tr>\n<tr class=\"row-6\">\n\t<td class=\"column-1\">wp-wpml_current_language<\/td><td class=\"column-2\">Funcional<\/td><td class=\"column-3\">WPML<\/td><td class=\"column-4\">1 d\u00eda<\/td><td class=\"column-5\">Almacena la configuraci\u00f3n del idiomas<\/td>\n<\/tr>\n<tr class=\"row-7\">\n\t<td class=\"column-1\">__stripe_mid<\/td><td class=\"column-2\">Funcional<\/td><td class=\"column-3\">Stripe<\/td><td class=\"column-4\">1 a\u00f1o<\/td><td class=\"column-5\">Proporcionar prevenci\u00f3n de fraudes<\/td>\n<\/tr>\n<tr class=\"row-8\">\n\t<td class=\"column-1\">__stripe_sid<\/td><td class=\"column-2\">Funcional<\/td><td class=\"column-3\">Stripe<\/td><td class=\"column-4\">30 minutos<\/td><td class=\"column-5\">Proporcionar prevenci\u00f3n de fraudes<\/td>\n<\/tr>\n<tr class=\"row-9\">\n\t<td class=\"column-1\">_ga<\/td><td class=\"column-2\">Estad\u00edsticas<\/td><td class=\"column-3\">Google Analytics<\/td><td class=\"column-4\">2 a\u00f1os<\/td><td class=\"column-5\">Cuenta y realiza un seguimiento de las p\u00e1ginas vistas<\/td>\n<\/tr>\n<tr class=\"row-10\">\n\t<td class=\"column-1\">_ga_*<\/td><td class=\"column-2\">Estad\u00edsticas<\/td><td class=\"column-3\">Google Analytics<\/td><td class=\"column-4\">1 a\u00f1o<\/td><td class=\"column-5\">Cuenta y realiza un seguimiento de las p\u00e1ginas vistas<\/td>\n<\/tr>\n<tr class=\"row-11\">\n\t<td class=\"column-1\">tk_qs<\/td><td class=\"column-2\">Estad\u00edsticas<\/td><td class=\"column-3\">Automattic<\/td><td class=\"column-4\">30 minutos<\/td><td class=\"column-5\">Proporcionar funciones entre p\u00e1ginas<\/td>\n<\/tr>\n<tr class=\"row-12\">\n\t<td class=\"column-1\">cmplz_consented_services<\/td><td class=\"column-2\">Funcional<\/td><td class=\"column-3\">Complianz<\/td><td class=\"column-4\">365 d\u00edas<\/td><td class=\"column-5\">Almacena las preferencias de consentimiento de las cookies<\/td>\n<\/tr>\n<tr class=\"row-13\">\n\t<td class=\"column-1\">cmplz_policy_id<\/td><td class=\"column-2\">Funcional<\/td><td class=\"column-3\">Complianz<\/td><td class=\"column-4\">365 d\u00edas<\/td><td class=\"column-5\">Registrar el ID de la pol\u00edtica de cookie aceptada<\/td>\n<\/tr>\n<tr class=\"row-14\">\n\t<td class=\"column-1\">cmplz_marketing<\/td><td class=\"column-2\">Funcional<\/td><td class=\"column-3\">Complianz<\/td><td class=\"column-4\">365 d\u00edas<\/td><td class=\"column-5\">Almacena las preferencias de consentimiento de las cookies<\/td>\n<\/tr>\n<tr class=\"row-15\">\n\t<td class=\"column-1\">cmplz_statistics<\/td><td class=\"column-2\">Funcional<\/td><td class=\"column-3\">Complianz<\/td><td class=\"column-4\">365 d\u00edas<\/td><td class=\"column-5\">Almacena las preferencias de consentimiento de las cookies<\/td>\n<\/tr>\n<tr class=\"row-16\">\n\t<td class=\"column-1\">cmplz_preferences<\/td><td class=\"column-2\">Funcional<\/td><td class=\"column-3\">Complianz<\/td><td class=\"column-4\">365 d\u00edas<\/td><td class=\"column-5\">Almacena las preferencias de consentimiento de las cookies<\/td>\n<\/tr>\n<tr class=\"row-17\">\n\t<td class=\"column-1\">cmplz_functional<\/td><td class=\"column-2\">Funcional<\/td><td class=\"column-3\">Complianz<\/td><td class=\"column-4\">365 d\u00edas<\/td><td class=\"column-5\">Almacena las preferencias de consentimiento de las cookies<\/td>\n<\/tr>\n<tr class=\"row-18\">\n\t<td class=\"column-1\">cmplz_banner-status<\/td><td class=\"column-2\">Funcional<\/td><td class=\"column-3\">Complianz<\/td><td class=\"column-4\">365 d\u00edas<\/td><td class=\"column-5\">Almacena si el banner de galletas se ha descartado<\/td>\n<\/tr>\n<tr class=\"row-19\">\n\t<td class=\"column-1\">rc::c<\/td><td class=\"column-2\">Marketing<\/td><td class=\"column-3\">Google reCAPTCHA<\/td><td class=\"column-4\">Sesi\u00f3n<\/td><td class=\"column-5\">Filtrar las solicitudes de los robots<\/td>\n<\/tr>\n<tr class=\"row-20\">\n\t<td class=\"column-1\">rc::b<\/td><td class=\"column-2\">Marketing<\/td><td class=\"column-3\">Google reCAPTCHA<\/td><td class=\"column-4\">Sesi\u00f3n<\/td><td class=\"column-5\">Filtrar las solicitudes de los robots<\/td>\n<\/tr>\n<tr class=\"row-21\">\n\t<td class=\"column-1\">rc::a<\/td><td class=\"column-2\">Marketing<\/td><td class=\"column-3\">Google reCAPTCHA<\/td><td class=\"column-4\">Persistente<\/td><td class=\"column-5\">Filtrar las solicitudes de los robots<\/td>\n<\/tr>\n<tr class=\"row-22\">\n\t<td class=\"column-1\">Google Maps API<\/td><td class=\"column-2\">Marketing<\/td><td class=\"column-3\">Google Maps<\/td><td class=\"column-4\">Ninguna<\/td><td class=\"column-5\">Preguntar la direcci\u00f3n IP del usuario<\/td>\n<\/tr>\n<\/tbody>\n<\/table>\n<!-- #tablepress-2 from cache -->\n<p>&nbsp;<\/p>\n<p>MARIA ISABEL RODR\u00cdGUEZ DE LA RUBIA \u2013 ESCUELA DE YOGA KUMARI informa que esta web utiliza Google Analytics: almacena cookies para poder elaborar estad\u00edsticas sobre el tr\u00e1fico y volumen de visitas de esta web. Al utilizar este sitio web est\u00e1 consintiendo el tratamiento de informaci\u00f3n sobre usted por Google. Por tanto, el ejercicio de cualquier derecho en este sentido deber\u00e1 hacerlo comunicando directamente con Google.<\/p>\n<p>&nbsp;<\/p>\n<p>Las cookies de Google Analytics, se almacenan en los servidores en Estados Unidos y se compromete a no compartirla con terceros, salvo en los casos en que sea necesario para el funcionamiento del sistema o cuando la ley obligue a tal efecto. Seg\u00fan Google no guarda su direcci\u00f3n IP.<\/p>\n<p>&nbsp;<\/p>\n<p>Google Inc es una compa\u00f1\u00eda adherida a Privacy Shiels (escudo de privacidad) que garantiza que todos los datos transferidos ser\u00e1n tratados con un nivel de protecci\u00f3n acorde con la normativa europea. Puede consultar informaci\u00f3n detallada al respecto a trav\u00e9s del siguiente enlace:\u00a0<a href=\"https:\/\/support.google.com\/analytics\/answer\/6004245\" target=\"_blank\" rel=\"noopener\">https:\/\/support.google.com\/analytics\/answer\/6004245<\/a>.<\/p>\n<p>&nbsp;<\/p>\n<p>Si lo desea puede utilizar el Complemento de inhabilitaci\u00f3n para navegadores de Google Analytics a trav\u00e9s de las instrucciones pueden rechazarse las cookies anal\u00edticas de dicho servicio en todos los navegadores. Puede consultar m\u00e1s informaci\u00f3n al respecto en el siguiente enlace:\u00a0<a href=\"https:\/\/tools.google.com\/dlpage\/gaoptout\" target=\"_blank\" rel=\"noopener\">https:\/\/tools.google.com\/dlpage\/gaoptout<\/a><\/p>\n<div class=\"vc_empty_space\">[vc_empty_space height=\u00bb50&#8243;]<\/div>\n<h2>CONSENTIMIENTO<\/h2>\n<div>[vc_separator type=\u00bbsmall\u00bb position=\u00bbleft\u00bb color=\u00bb#0a0a0a\u00bb thickness=\u00bb1&#8243; up=\u00bb10&#8243; down=\u00bb10&#8243;]<\/div>\n<p>Cuando visite nuestro sitio web por primera vez, le mostraremos un mensaje emergente con una explicaci\u00f3n sobre las cookies. En cuanto haga clic en \u201cGuardar preferencias\u201d, nos consiente en utilizar las categor\u00edas de cookies y extensiones que ha seleccionado en el mensaje emergente, tal y como se describe en esta Pol\u00edtica de cookies. Puede desactivar el uso de cookies a trav\u00e9s de su navegador, pero tenga en cuenta que puede que nuestro sitio web ya no funcione correctamente.<\/p>\n<p>&nbsp;<\/p>\n<p>Asimismo, MARIA ISABEL RODR\u00cdGUEZ DE LA RUBIA \u2013 ESCUELA DE YOGA KUMARI informa al usuario que tiene la posibilidad de configurar su navegador de forma que se le informe de la recepci\u00f3n de cookies, pudiendo, si as\u00ed lo desea, impedir que sean instaladas en su disco duro.<\/p>\n<p>&nbsp;<\/p>\n<p>A continuaci\u00f3n le proporcionamos los enlaces de varios navegadores, a trav\u00e9s de los cuales podr\u00e1 realizar esta configuraci\u00f3n:<\/p>\n<p>&nbsp;<\/p>\n<ul>\n<li style=\"list-style-type: none;\">\n<ul>\n<li style=\"list-style-type: none;\">\n<ul>\n<li><a href=\"http:\/\/support.mozilla.org\/es\/kb\/habilitar-y-deshabilitar-cookies-que-los-sitios-we\" rel=\"noopener\">Firefox<\/a><\/li>\n<li><a href=\"http:\/\/support.google.com\/chrome\/bin\/answer.py?hl=es&amp;answer=95647\" rel=\"noopener\">Chrome<\/a><\/li>\n<li><a href=\"http:\/\/windows.microsoft.com\/es-es\/internet-explorer\/delete-manage-cookies#ie=ie-10\" rel=\"noopener\">Explorer<\/a><\/li>\n<li><a href=\"https:\/\/support.apple.com\/kb\/ph17191?locale=es_ES\" rel=\"noopener\">Safari<\/a><\/li>\n<li><a href=\"http:\/\/help.opera.com\/Windows\/11.50\/es-ES\/cookies.html\" rel=\"noopener\">Opera<\/a><\/li>\n<\/ul>\n<\/li>\n<\/ul>\n<\/li>\n<\/ul>\n<div class=\"vc_empty_space\"><\/div>\n<p>[\/vc_column_text][\/vc_column][\/vc_row]<\/p>\n<\/div>","protected":false},"excerpt":{"rendered":"<p>[vc_row css_animation=\u00bb\u00bb row_type=\u00bbrow\u00bb use_row_as_full_screen_section=\u00bbno\u00bb type=\u00bbfull_width\u00bb angled_section=\u00bbno\u00bb text_align=\u00bbleft\u00bb background_image_as_pattern=\u00bbwithout_pattern\u00bb][vc_column][vc_single_image image=\u00bb200&#8243; img_size=\u00bbfull\u00bb alignment=\u00bbcenter\u00bb qode_css_animation=\u00bb\u00bb][\/vc_column][\/vc_row][vc_row css_animation=\u00bb\u00bb row_type=\u00bbrow\u00bb use_row_as_full_screen_section=\u00bbno\u00bb type=\u00bbgrid\u00bb angled_section=\u00bbno\u00bb text_align=\u00bbleft\u00bb background_image_as_pattern=\u00bbwithout_pattern\u00bb z_index=\u00bb\u00bb][vc_column][vc_column_text] Inicio \/\/ Pol\u00edtica de Cookies [\/vc_column_text][\/vc_column][\/vc_row][vc_row css_animation=\u00bb\u00bb row_type=\u00bbrow\u00bb use_row_as_full_screen_section=\u00bbno\u00bb type=\u00bbgrid\u00bb angled_section=\u00bbno\u00bb text_align=\u00bbleft\u00bb background_image_as_pattern=\u00bbwithout_pattern\u00bb z_index=\u00bb\u00bb padding_top=\u00bb25&#8243; padding_bottom=\u00bb75&#8243; anchor=\u00bbinici\u00bb][vc_column][vc_column_text] Pol\u00edtica de Cookies [\/vc_column_text][vc_empty_space height=\u00bb75&#8243;][vc_column_text] Una Cookie es&hellip; <a class=\"continue\" href=\"https:\/\/www.escoladeiogakumari.cat\/es\/inicio\/politica-de-cookies\/\">CONTINUAR >>><span> POL\u00cdTICA DE COOKIES<\/span><\/a><\/p>\n","protected":false},"author":1,"featured_media":0,"parent":590,"menu_order":0,"comment_status":"closed","ping_status":"closed","template":"full_width.php","meta":{"footnotes":""},"class_list":["post-704","page","type-page","status-publish","hentry"],"_links":{"self":[{"href":"https:\/\/www.escoladeiogakumari.cat\/es\/wp-json\/wp\/v2\/pages\/704","targetHints":{"allow":["GET"]}}],"collection":[{"href":"https:\/\/www.escoladeiogakumari.cat\/es\/wp-json\/wp\/v2\/pages"}],"about":[{"href":"https:\/\/www.escoladeiogakumari.cat\/es\/wp-json\/wp\/v2\/types\/page"}],"author":[{"embeddable":true,"href":"https:\/\/www.escoladeiogakumari.cat\/es\/wp-json\/wp\/v2\/users\/1"}],"replies":[{"embeddable":true,"href":"https:\/\/www.escoladeiogakumari.cat\/es\/wp-json\/wp\/v2\/comments?post=704"}],"version-history":[{"count":2,"href":"https:\/\/www.escoladeiogakumari.cat\/es\/wp-json\/wp\/v2\/pages\/704\/revisions"}],"predecessor-version":[{"id":725,"href":"https:\/\/www.escoladeiogakumari.cat\/es\/wp-json\/wp\/v2\/pages\/704\/revisions\/725"}],"up":[{"embeddable":true,"href":"https:\/\/www.escoladeiogakumari.cat\/es\/wp-json\/wp\/v2\/pages\/590"}],"wp:attachment":[{"href":"https:\/\/www.escoladeiogakumari.cat\/es\/wp-json\/wp\/v2\/media?parent=704"}],"curies":[{"name":"wp","href":"https:\/\/api.w.org\/{rel}","templated":true}]}}