{"id":709,"date":"2023-12-28T09:23:37","date_gmt":"2023-12-28T07:23:37","guid":{"rendered":"https:\/\/www.escoladeiogakumari.cat\/?page_id=709"},"modified":"2024-01-09T18:07:38","modified_gmt":"2024-01-09T16:07:38","slug":"politica-de-privacidad-redes-sociales","status":"publish","type":"page","link":"https:\/\/www.escoladeiogakumari.cat\/es\/inicio\/politica-de-privacidad-redes-sociales\/","title":{"rendered":"POL\u00cdTICA DE PRIVACIDAD REDES SOCIALES"},"content":{"rendered":"<div class=\"wpb-content-wrapper\"><p>[vc_row css_animation=\u00bb\u00bb row_type=\u00bbrow\u00bb use_row_as_full_screen_section=\u00bbno\u00bb type=\u00bbfull_width\u00bb angled_section=\u00bbno\u00bb text_align=\u00bbleft\u00bb background_image_as_pattern=\u00bbwithout_pattern\u00bb][vc_column][vc_single_image image=\u00bb200&#8243; img_size=\u00bbfull\u00bb alignment=\u00bbcenter\u00bb qode_css_animation=\u00bb\u00bb][\/vc_column][\/vc_row][vc_row css_animation=\u00bb\u00bb row_type=\u00bbrow\u00bb use_row_as_full_screen_section=\u00bbno\u00bb type=\u00bbgrid\u00bb angled_section=\u00bbno\u00bb text_align=\u00bbleft\u00bb background_image_as_pattern=\u00bbwithout_pattern\u00bb z_index=\u00bb\u00bb][vc_column][vc_column_text]<\/p>\n<p style=\"text-align: center;\"><a href=\"\/ES\">IniciO<\/a> \/\/ Pol\u00edtica de privacidad redes sociales<\/p>\n<p>[\/vc_column_text][\/vc_column][\/vc_row][vc_row css_animation=\u00bb\u00bb row_type=\u00bbrow\u00bb use_row_as_full_screen_section=\u00bbno\u00bb type=\u00bbgrid\u00bb angled_section=\u00bbno\u00bb text_align=\u00bbleft\u00bb background_image_as_pattern=\u00bbwithout_pattern\u00bb z_index=\u00bb\u00bb padding_top=\u00bb25&#8243; padding_bottom=\u00bb75&#8243; anchor=\u00bbinici\u00bb][vc_column][vc_column_text]<\/p>\n<h1 style=\"text-align: center;\">Pol\u00edtica de privacidad redes sociales<\/h1>\n<p>[\/vc_column_text][vc_empty_space height=\u00bb75&#8243;][vc_column_text]<\/p>\n<div class=\"wpb_text_column wpb_content_element \">\n<div class=\"wpb_wrapper\">\n<p>De conformidad con lo que establece la normativa vigente en Protecci\u00f3n de Datos de Car\u00e1cter Personal (RGPD) y la Ley 34\/2002, de 11 de julio, de Servicios de la Sociedad de la Informaci\u00f3n y de Comercio Electr\u00f3nico (LSSI-CE), MARIA ISABEL RODR\u00cdGUEZ DE LA RUBIA \u2013 ESCUELA DE YOGA KUMARI informa a los usuarios, que ha procedido a crear un perfil en la\/s Red\/s Social\/s Instagram, con la finalidad principal de publicitar sus productos y servicios.<\/p>\n<p>&nbsp;<\/p>\n<p>Datos de MARIA ISABEL RODR\u00cdGUEZ DE LA RUBIA \u2013 ESCUELA DE YOGA KUMARI:<\/p>\n<\/div>\n<\/div>\n<div>\n<ul>\n<li style=\"list-style-type: none;\">\n<ul>\n<li style=\"list-style-type: none;\">\n<ul>\n<li><strong>NIF:<\/strong> 33942099X<\/li>\n<li><strong>DIRECCI\u00d3N:<\/strong> C\/ SU 3 BX &#8211; 08551 TONEL (BARCELONA)<\/li>\n<li><strong>CORREO ELECTR\u00d3NICO:<\/strong> escoladeiogakumari@gmail.com<\/li>\n<li><strong>DOMINIO WEB:<\/strong> www.escoladeiogakumari.cat<\/li>\n<\/ul>\n<\/li>\n<\/ul>\n<\/li>\n<\/ul>\n<p>&nbsp;<\/p>\n<p>El usuario dispone de un perfil en la misma Red Social y ha decidido unirse a la p\u00e1gina creada por MARIA ISABEL RODR\u00cdGUEZ DE LA RUBIA \u2013 ESCUELA DE YOGA KUMARI, mostrando as\u00ed inter\u00e9s en la informaci\u00f3n que se publicite en la Red. Al unirse a nuestra p\u00e1gina, nos facilita su consentimiento para el tratamiento de aquellos datos personales publicados en su perfil.<\/p>\n<p>&nbsp;<\/p>\n<p>El usuario puede acceder en todo momento a las pol\u00edticas de privacidad de la propia Red Social, as\u00ed como configurar su perfil para garantizar su privacidad.<\/p>\n<p>&nbsp;<\/p>\n<p>MARIA ISABEL RODR\u00cdGUEZ DE LA RUBIA \u2013 ESCUELA DE YOGA KUMARI tiene acceso y trata la informaci\u00f3n p\u00fablica del usuario, especialmente, su nombre de contacto. Estos datos, s\u00f3lo son utilizados dentro de la propia Red Social. No son incorporadas a ning\u00fan archivo.<\/p>\n<p>&nbsp;<\/p>\n<p>En relaci\u00f3n con los derechos de acceso, rectificaci\u00f3n, limitaci\u00f3n de tratamiento, supresi\u00f3n, portabilidad y oposici\u00f3n al tratamiento, de los que usted dispone y que pueden ser ejercidos ante MARIA ISABEL RODR\u00cdGUEZ DE LA RUBIA \u2013 ESCUELA DE YOGA KUMARI, de acuerdo con la RGPD , debe tener en cuenta los siguientes matices:<\/p>\n<p>&nbsp;<\/p>\n<ul>\n<li style=\"list-style-type: none;\">\n<ul>\n<li style=\"list-style-type: none;\">\n<ul>\n<li><strong>Acceso:<\/strong> vendr\u00e1 definido por la funcionalidad de la Red Social y la capacidad de acceso a la informaci\u00f3n de los perfiles de los usuarios.<\/li>\n<li><strong>Rectificaci\u00f3n:<\/strong> s\u00f3lo podr\u00e1 satisfacerse en relaci\u00f3n a la informaci\u00f3n que se encuentre bajo el control de MARIA ISABEL RODR\u00cdGUEZ DE LA RUBIA \u2013 ESCUELA DE YOGA KUMARI, por ejemplo, eliminar comentarios publicados en la misma p\u00e1gina. Normalmente, este derecho debe ejercerlo ante la Red Social.<\/li>\n<li><strong>Cancelaci\u00f3n y\/u oposici\u00f3n:<\/strong> como en el caso anterior, s\u00f3lo podr\u00e1 satisfacerse en relaci\u00f3n a la informaci\u00f3n que se encuentre bajo el control de MARIA ISABEL RODR\u00cdGUEZ DE LA RUBIA \u2013 ESCUELA DE YOGA KUMARI, por ejemplo, dejar de estar unido al perfil.<\/li>\n<\/ul>\n<\/li>\n<\/ul>\n<\/li>\n<\/ul>\n<p>&nbsp;<\/p>\n<p>MARIA ISABEL RODR\u00cdGUEZ DE LA RUBIA \u2013 ESCUELA DE YOGA KUMARI realizar\u00e1 las siguientes actuaciones:<\/p>\n<p>&nbsp;<\/p>\n<ul>\n<li style=\"list-style-type: none;\">\n<ul>\n<li style=\"list-style-type: none;\">\n<ul>\n<li>Acceso a la informaci\u00f3n p\u00fablica del perfil.<\/li>\n<li>Publicaci\u00f3n en el perfil del usuario de toda aquella informaci\u00f3n ya publicada en la p\u00e1gina de MARIA ISABEL RODR\u00cdGUEZ DE LA RUBIA \u2013 ESCUELA DE YOGA KUMARI.<\/li>\n<li>Enviar mensajes personales e individuales a trav\u00e9s de los canales de la Red Social.<\/li>\n<li>Actualizaciones del estado de la p\u00e1gina que se publicar\u00e1n en el perfil del usuario.<\/li>\n<\/ul>\n<\/li>\n<\/ul>\n<\/li>\n<\/ul>\n<p>&nbsp;<\/p>\n<p>El usuario siempre puede controlar sus conexiones, eliminar los contenidos que dejen de interesar y restringir con quien comparte sus conexiones, para lo cual deber\u00e1 acceder a su configuraci\u00f3n de privacidad.<\/p>\n<p>&nbsp;<\/p>\n<div class=\"vc_empty_space\">[vc_empty_space height=\u00bb50&#8243;]<\/div>\n<h2>Publicaciones<\/h2>\n<div class=\"separator small left \">[vc_separator type=\u00bbsmall\u00bb position=\u00bbleft\u00bb color=\u00bb#0a0a0a\u00bb thickness=\u00bb1&#8243; up=\u00bb10&#8243; down=\u00bb10&#8243;]<\/div>\n<p>El usuario, una vez unido a la p\u00e1gina de MARIA ISABEL RODR\u00cdGUEZ DE LA RUBIA \u2013 ESCUELA DE YOGA KUMARI, podr\u00e1 publicar en esta \u00faltima comentarios, enlaces, im\u00e1genes o fotograf\u00edas o cualquier otro tipo de contenido multimedia soportado por la Red Social. El usuario, en todos los casos, debe ser el titular de los mismos, gozar de los derechos de autor y de propiedad intelectual o contar con el consentimiento de los terceros afectados. Se proh\u00edbe expresamente cualquier publicaci\u00f3n en la p\u00e1gina, ya sean textos, gr\u00e1ficos, fotograf\u00edas, v\u00eddeos, etc. que atenten o sean susceptibles de atentar contra la moral, la \u00e9tica, el buen gusto o el decoro, y\/o que infrinjan, violen o infrinjan los derechos de propiedad intelectual o industrial, el derecho a la imagen o la ley . En estos casos, MARIA ISABEL RODR\u00cdGUEZ DE LA RUBIA \u2013 ESCUELA DE YOGA KUMARI se reserva el derecho a retirar de inmediato el contenido, pudiendo solicitar el bloqueo permanente del usuario.<\/p>\n<p>&nbsp;<\/p>\n<p>MARIA ISABEL RODR\u00cdGUEZ DE LA RUBIA \u2013 ESCUELA DE YOGA KUMARI no se har\u00e1 responsable de los contenidos que libremente ha publicado un usuario.<\/p>\n<p>&nbsp;<\/p>\n<p>El usuario debe tener presente que sus publicaciones ser\u00e1n conocidas por los dem\u00e1s usuarios, por lo que \u00e9l mismo es el principal responsable de su privacidad.<\/p>\n<p>&nbsp;<\/p>\n<p>Las im\u00e1genes se puedan publicar en la p\u00e1gina no ser\u00e1n almacenadas en ning\u00fan fichero por parte de MARIA ISABEL RODR\u00cdGUEZ DE LA RUBIA \u2013 ESCUELA DE YOGA KUMARI, pero s\u00ed permanecer\u00e1n en la Red Social.<\/p>\n<p>&nbsp;<\/p>\n<div class=\"vc_empty_space\">[vc_empty_space height=\u00bb50&#8243;]<\/div>\n<h2>Concursos y promociones<\/h2>\n<div class=\"separator small left \">[vc_separator type=\u00bbsmall\u00bb position=\u00bbleft\u00bb color=\u00bb#0a0a0a\u00bb thickness=\u00bb1&#8243; up=\u00bb10&#8243; down=\u00bb10&#8243;]<\/div>\n<p>MARIA ISABEL RODR\u00cdGUEZ DE LA RUBIA \u2013 ESCUELA DE YOGA KUMARI se reserva el derecho a realizar concursos y promociones, en los que podr\u00e1 participar el usuario unido a su p\u00e1gina. Las bases de cada uno de ellos, cuando se utilice para ello la plataforma de la Red Social, ser\u00e1n publicadas en la misma. Cumpliendo siempre con la LSSI-CE y cualquier otra norma que le sea de aplicaci\u00f3n.<\/p>\n<p>&nbsp;<\/p>\n<p>La Red Social no patrocina, avala ni administra, en modo alguno, ninguna de nuestras promociones, ni est\u00e1 asociada a ninguna de ellas.<\/p>\n<div class=\"vc_empty_space\">[vc_empty_space height=\u00bb50&#8243;]<\/div>\n<h2>Publicidad<\/h2>\n<div class=\"separator small left \">[vc_separator type=\u00bbsmall\u00bb position=\u00bbleft\u00bb color=\u00bb#0a0a0a\u00bb thickness=\u00bb1&#8243; up=\u00bb10&#8243; down=\u00bb10&#8243;]<\/div>\n<p>MARIA ISABEL RODR\u00cdGUEZ DE LA RUBIA \u2013 ESCUELA DE YOGA KUMARI utilizar\u00e1 la Red Social para publicitar sus productos y servicios, en todo caso, si decide tratar sus datos de contacto para realizar acciones directas de prospecci\u00f3n comercial, ser\u00e1 siempre, cumpliendo con las exigencias legales de la RGPD y de la LSSI-CE.<\/p>\n<p>&nbsp;<\/p>\n<p>No se considera publicidad el recomendar a otros usuarios la p\u00e1gina de MARIA ISABEL RODR\u00cdGUEZ DE LA RUBIA \u2013 ESCUELA DE YOGA KUMARI para que tambi\u00e9n ellos puedan disfrutar de las promociones o estar informados de su actividad.<\/p>\n<\/div>\n<p>[\/vc_column_text][\/vc_column][\/vc_row]<\/p>\n<\/div>","protected":false},"excerpt":{"rendered":"<p>[vc_row css_animation=\u00bb\u00bb row_type=\u00bbrow\u00bb use_row_as_full_screen_section=\u00bbno\u00bb type=\u00bbfull_width\u00bb angled_section=\u00bbno\u00bb text_align=\u00bbleft\u00bb background_image_as_pattern=\u00bbwithout_pattern\u00bb][vc_column][vc_single_image image=\u00bb200&#8243; img_size=\u00bbfull\u00bb alignment=\u00bbcenter\u00bb qode_css_animation=\u00bb\u00bb][\/vc_column][\/vc_row][vc_row css_animation=\u00bb\u00bb row_type=\u00bbrow\u00bb use_row_as_full_screen_section=\u00bbno\u00bb type=\u00bbgrid\u00bb angled_section=\u00bbno\u00bb text_align=\u00bbleft\u00bb background_image_as_pattern=\u00bbwithout_pattern\u00bb z_index=\u00bb\u00bb][vc_column][vc_column_text] IniciO \/\/ Pol\u00edtica de privacidad redes sociales [\/vc_column_text][\/vc_column][\/vc_row][vc_row css_animation=\u00bb\u00bb row_type=\u00bbrow\u00bb use_row_as_full_screen_section=\u00bbno\u00bb type=\u00bbgrid\u00bb angled_section=\u00bbno\u00bb text_align=\u00bbleft\u00bb background_image_as_pattern=\u00bbwithout_pattern\u00bb z_index=\u00bb\u00bb padding_top=\u00bb25&#8243; padding_bottom=\u00bb75&#8243; anchor=\u00bbinici\u00bb][vc_column][vc_column_text] Pol\u00edtica de privacidad redes sociales [\/vc_column_text][vc_empty_space&hellip; <a class=\"continue\" href=\"https:\/\/www.escoladeiogakumari.cat\/es\/inicio\/politica-de-privacidad-redes-sociales\/\">CONTINUAR >>><span> POL\u00cdTICA DE PRIVACIDAD REDES SOCIALES<\/span><\/a><\/p>\n","protected":false},"author":1,"featured_media":0,"parent":590,"menu_order":0,"comment_status":"closed","ping_status":"closed","template":"full_width.php","meta":{"footnotes":""},"class_list":["post-709","page","type-page","status-publish","hentry"],"_links":{"self":[{"href":"https:\/\/www.escoladeiogakumari.cat\/es\/wp-json\/wp\/v2\/pages\/709","targetHints":{"allow":["GET"]}}],"collection":[{"href":"https:\/\/www.escoladeiogakumari.cat\/es\/wp-json\/wp\/v2\/pages"}],"about":[{"href":"https:\/\/www.escoladeiogakumari.cat\/es\/wp-json\/wp\/v2\/types\/page"}],"author":[{"embeddable":true,"href":"https:\/\/www.escoladeiogakumari.cat\/es\/wp-json\/wp\/v2\/users\/1"}],"replies":[{"embeddable":true,"href":"https:\/\/www.escoladeiogakumari.cat\/es\/wp-json\/wp\/v2\/comments?post=709"}],"version-history":[{"count":1,"href":"https:\/\/www.escoladeiogakumari.cat\/es\/wp-json\/wp\/v2\/pages\/709\/revisions"}],"predecessor-version":[{"id":710,"href":"https:\/\/www.escoladeiogakumari.cat\/es\/wp-json\/wp\/v2\/pages\/709\/revisions\/710"}],"up":[{"embeddable":true,"href":"https:\/\/www.escoladeiogakumari.cat\/es\/wp-json\/wp\/v2\/pages\/590"}],"wp:attachment":[{"href":"https:\/\/www.escoladeiogakumari.cat\/es\/wp-json\/wp\/v2\/media?parent=709"}],"curies":[{"name":"wp","href":"https:\/\/api.w.org\/{rel}","templated":true}]}}