{"id":711,"date":"2023-12-28T10:10:02","date_gmt":"2023-12-28T08:10:02","guid":{"rendered":"https:\/\/www.escoladeiogakumari.cat\/?page_id=711"},"modified":"2024-01-09T18:08:21","modified_gmt":"2024-01-09T16:08:21","slug":"politica-de-reembolso-y-devoluciones","status":"publish","type":"page","link":"https:\/\/www.escoladeiogakumari.cat\/es\/inicio\/politica-de-reembolso-y-devoluciones\/","title":{"rendered":"POL\u00cdTICA DE REEMBOLSO Y DEVOLUCIONES"},"content":{"rendered":"<div class=\"wpb-content-wrapper\"><p>[vc_row css_animation=\u00bb\u00bb row_type=\u00bbrow\u00bb use_row_as_full_screen_section=\u00bbno\u00bb type=\u00bbfull_width\u00bb angled_section=\u00bbno\u00bb text_align=\u00bbleft\u00bb background_image_as_pattern=\u00bbwithout_pattern\u00bb][vc_column][vc_single_image image=\u00bb200&#8243; img_size=\u00bbfull\u00bb alignment=\u00bbcenter\u00bb qode_css_animation=\u00bb\u00bb][\/vc_column][\/vc_row][vc_row css_animation=\u00bb\u00bb row_type=\u00bbrow\u00bb use_row_as_full_screen_section=\u00bbno\u00bb type=\u00bbgrid\u00bb angled_section=\u00bbno\u00bb text_align=\u00bbleft\u00bb background_image_as_pattern=\u00bbwithout_pattern\u00bb z_index=\u00bb\u00bb][vc_column][vc_column_text]<\/p>\n<p style=\"text-align: center;\"><a href=\"\/es\">Inicio<\/a> \/\/ Pol\u00edtica de reembolso y devoluciones<\/p>\n<p>[\/vc_column_text][\/vc_column][\/vc_row][vc_row css_animation=\u00bb\u00bb row_type=\u00bbrow\u00bb use_row_as_full_screen_section=\u00bbno\u00bb type=\u00bbgrid\u00bb angled_section=\u00bbno\u00bb text_align=\u00bbleft\u00bb background_image_as_pattern=\u00bbwithout_pattern\u00bb z_index=\u00bb\u00bb padding_top=\u00bb25&#8243; padding_bottom=\u00bb75&#8243; anchor=\u00bbinici\u00bb][vc_column][vc_column_text]<\/p>\n<h1 style=\"text-align: center;\">Pol\u00edtica de reembolso y devoluciones<\/h1>\n<p>[\/vc_column_text][vc_empty_space height=\u00bb75&#8243;][vc_column_text]<\/p>\n<h2>VISTA GENERAL<\/h2>\n<p>[vc_separator type=\u00bbsmall\u00bb position=\u00bbleft\u00bb color=\u00bb#0a0a0a\u00bb thickness=\u00bb1&#8243; up=\u00bb10&#8243; down=\u00bb10&#8243;]<\/p>\n<p>Nuestra pol\u00edtica de devoluci\u00f3n tiene una duraci\u00f3n de 15 d\u00edas. Si han pasado 15 d\u00edas desde su compra, no podemos ofrecerle un reembolso o cambio completo.<\/p>\n<p>&nbsp;<\/p>\n<p>Para poder hacerle una devoluci\u00f3n, su art\u00edculo debe estar en perfecto estado y en las mismas condiciones en que lo recibi\u00f3. Tambi\u00e9n debe estar en el embalaje original.<\/p>\n<p>&nbsp;<\/p>\n<p>Productos con desperfectos, por motivos ajenos al transporte, no ser\u00e1n reembolsados.<\/p>\n<p>&nbsp;<\/p>\n<p>[vc_empty_space height=\u00bb50&#8243;]<\/p>\n<h2>REEMBOLSOS<\/h2>\n<p>[vc_separator type=\u00bbsmall\u00bb position=\u00bbleft\u00bb color=\u00bb#0a0a0a\u00bb thickness=\u00bb1&#8243; up=\u00bb10&#8243; down=\u00bb10&#8243;]<\/p>\n<p>Una vez recibida e inspeccionada su devoluci\u00f3n, le enviaremos un correo electr\u00f3nico para notificarle que hemos recibido el art\u00edculo devuelto. Tambi\u00e9n le notificaremos la aprobaci\u00f3n o el rechazo de su reembolso.<\/p>\n<p>&nbsp;<\/p>\n<p>Si se aprueba, se procesar\u00e1 el reembolso y se aplicar\u00e1 autom\u00e1ticamente un reembolso a su tarjeta de cr\u00e9dito o al m\u00e9todo de pago original, en un plazo determinado de 2 d\u00edas despu\u00e9s de haber recibido e inspeccionado el art\u00edculo.<\/p>\n<p>&nbsp;<\/p>\n<p>[vc_empty_space height=\u00bb50&#8243;]<\/p>\n<h2>CAMBIOS<\/h2>\n<p>[vc_separator type=\u00bbsmall\u00bb position=\u00bbleft\u00bb color=\u00bb#0a0a0a\u00bb thickness=\u00bb1&#8243; up=\u00bb10&#8243; down=\u00bb10&#8243;]<\/p>\n<p>S\u00f3lo sustituimos los productos defectuosos o da\u00f1ados a causa del transporte. Si necesita cambiarlo nos lo puede devolver por correo ordinario previo aviso por correo electr\u00f3nico.<\/p>\n<p>&nbsp;<\/p>\n<p>Ser\u00e1s responsable de pagar tus propios gastos de env\u00edo para devolver tu art\u00edculo. Los gastos de env\u00edo no son reembolsables. Si recibe un reembolso, el coste del env\u00edo de devoluci\u00f3n se descontar\u00e1 de su reembolso.<\/p>\n<p>&nbsp;<\/p>\n<p>Dependiendo del lugar donde viva, el tiempo que puede tardar en llegar a su producto intercambiado puede variar.<\/p>\n<p>Si devuelve art\u00edculos caros, puede considerar utilizar un servicio de env\u00edo con seguimiento o comprar un seguro de env\u00edo. No garantizamos que recibamos su art\u00edculo devuelto.<\/p>\n<p>&nbsp;<\/p>\n<p>[vc_empty_space height=\u00bb50&#8243;]<\/p>\n<h2>\u00bfNECESITAS AYUDA?<\/h2>\n<p>[vc_separator type=\u00bbsmall\u00bb position=\u00bbleft\u00bb color=\u00bb#0a0a0a\u00bb thickness=\u00bb1&#8243; up=\u00bb10&#8243; down=\u00bb10&#8243;]<\/p>\n<p>Contacte con nosotros para preguntas relacionadas con reembolsos y devoluciones.<\/p>\n<div class=\"vc_empty_space\"><\/div>\n<p>[\/vc_column_text][\/vc_column][\/vc_row]<\/p>\n<\/div>","protected":false},"excerpt":{"rendered":"<p>[vc_row css_animation=\u00bb\u00bb row_type=\u00bbrow\u00bb use_row_as_full_screen_section=\u00bbno\u00bb type=\u00bbfull_width\u00bb angled_section=\u00bbno\u00bb text_align=\u00bbleft\u00bb background_image_as_pattern=\u00bbwithout_pattern\u00bb][vc_column][vc_single_image image=\u00bb200&#8243; img_size=\u00bbfull\u00bb alignment=\u00bbcenter\u00bb qode_css_animation=\u00bb\u00bb][\/vc_column][\/vc_row][vc_row css_animation=\u00bb\u00bb row_type=\u00bbrow\u00bb use_row_as_full_screen_section=\u00bbno\u00bb type=\u00bbgrid\u00bb angled_section=\u00bbno\u00bb text_align=\u00bbleft\u00bb background_image_as_pattern=\u00bbwithout_pattern\u00bb z_index=\u00bb\u00bb][vc_column][vc_column_text] Inicio \/\/ Pol\u00edtica de reembolso y devoluciones [\/vc_column_text][\/vc_column][\/vc_row][vc_row css_animation=\u00bb\u00bb row_type=\u00bbrow\u00bb use_row_as_full_screen_section=\u00bbno\u00bb type=\u00bbgrid\u00bb angled_section=\u00bbno\u00bb text_align=\u00bbleft\u00bb background_image_as_pattern=\u00bbwithout_pattern\u00bb z_index=\u00bb\u00bb padding_top=\u00bb25&#8243; padding_bottom=\u00bb75&#8243; anchor=\u00bbinici\u00bb][vc_column][vc_column_text] Pol\u00edtica de reembolso y devoluciones [\/vc_column_text][vc_empty_space&hellip; <a class=\"continue\" href=\"https:\/\/www.escoladeiogakumari.cat\/es\/inicio\/politica-de-reembolso-y-devoluciones\/\">CONTINUAR >>><span> POL\u00cdTICA DE REEMBOLSO Y DEVOLUCIONES<\/span><\/a><\/p>\n","protected":false},"author":1,"featured_media":0,"parent":590,"menu_order":0,"comment_status":"closed","ping_status":"closed","template":"full_width.php","meta":{"footnotes":""},"class_list":["post-711","page","type-page","status-publish","hentry"],"_links":{"self":[{"href":"https:\/\/www.escoladeiogakumari.cat\/es\/wp-json\/wp\/v2\/pages\/711","targetHints":{"allow":["GET"]}}],"collection":[{"href":"https:\/\/www.escoladeiogakumari.cat\/es\/wp-json\/wp\/v2\/pages"}],"about":[{"href":"https:\/\/www.escoladeiogakumari.cat\/es\/wp-json\/wp\/v2\/types\/page"}],"author":[{"embeddable":true,"href":"https:\/\/www.escoladeiogakumari.cat\/es\/wp-json\/wp\/v2\/users\/1"}],"replies":[{"embeddable":true,"href":"https:\/\/www.escoladeiogakumari.cat\/es\/wp-json\/wp\/v2\/comments?post=711"}],"version-history":[{"count":1,"href":"https:\/\/www.escoladeiogakumari.cat\/es\/wp-json\/wp\/v2\/pages\/711\/revisions"}],"predecessor-version":[{"id":712,"href":"https:\/\/www.escoladeiogakumari.cat\/es\/wp-json\/wp\/v2\/pages\/711\/revisions\/712"}],"up":[{"embeddable":true,"href":"https:\/\/www.escoladeiogakumari.cat\/es\/wp-json\/wp\/v2\/pages\/590"}],"wp:attachment":[{"href":"https:\/\/www.escoladeiogakumari.cat\/es\/wp-json\/wp\/v2\/media?parent=711"}],"curies":[{"name":"wp","href":"https:\/\/api.w.org\/{rel}","templated":true}]}}