{"id":655,"date":"2023-12-29T18:57:50","date_gmt":"2023-12-29T16:57:50","guid":{"rendered":"https:\/\/www.escoladeiogakumari.cat\/?post_type=product&#038;p=655"},"modified":"2024-01-09T12:51:32","modified_gmt":"2024-01-09T10:51:32","slug":"japa-mala-madera","status":"publish","type":"product","link":"https:\/\/www.escoladeiogakumari.cat\/es\/producte\/japa-mala-madera\/","title":{"rendered":"Japa Mala madera"},"content":{"rendered":"","protected":false},"excerpt":{"rendered":"<p>Un Japa Mala \u00e9s un collaret tradicional utilitzat en la pr\u00e0ctica de la meditaci\u00f3. Est\u00e0 compost per comptes, generalment 108 en nombre, encara que alguns Males poden tenir un nombre diferent de comptes, com 27 o 54.<\/p>\n<p>&nbsp;<\/p>\n<p>Cada compte representa una repetici\u00f3 de mantra o oraci\u00f3 durant la meditaci\u00f3. El Japa Mala es fa servir com una eina per explicar les repeticions del mantra, ajudant a mantenir l&#8217;enfocament i la concentraci\u00f3 durant la pr\u00e0ctica meditativa.<\/p>\n<p>&nbsp;<\/p>\n<p>El proc\u00e9s de recitar el mantra es coneix com a \u00abJapa\u00bb. Els practicants utilitzen el Japa Mala movent un compte alhora amb els dits mentre reciten o xiuxiuegen el mantra, passant per cada compte fins a completar el cicle de 108 repeticions (o el nombre total de comptes a la Mala).<\/p>\n<p>&nbsp;<\/p>\n<p>A m\u00e9s de la seva funci\u00f3 pr\u00e0ctica durant la meditaci\u00f3, els Japa Malas tenen significats espirituals i simb\u00f2lics. S\u00f3n considerats com a objectes sagrats i se seleccionen amb cura segons les prefer\u00e8ncies personals o la connexi\u00f3 espiritual amb els materials utilitzats en la seva fabricaci\u00f3. <a class=\"continue\" href=\"https:\/\/www.escoladeiogakumari.cat\/es\/producte\/japa-mala-madera\/\">CONTINUAR >>><span> Japa Mala madera<\/span><\/a><\/p>\n","protected":false},"featured_media":499,"comment_status":"open","ping_status":"closed","template":"","meta":[],"product_brand":[],"product_cat":[53],"product_tag":[],"class_list":{"0":"post-655","1":"product","2":"type-product","3":"status-publish","4":"has-post-thumbnail","6":"product_cat-japa-mala-es","8":"first","9":"instock","10":"sold-individually","11":"taxable","12":"shipping-taxable","13":"purchasable","14":"product-type-simple"},"_links":{"self":[{"href":"https:\/\/www.escoladeiogakumari.cat\/es\/wp-json\/wp\/v2\/product\/655","targetHints":{"allow":["GET"]}}],"collection":[{"href":"https:\/\/www.escoladeiogakumari.cat\/es\/wp-json\/wp\/v2\/product"}],"about":[{"href":"https:\/\/www.escoladeiogakumari.cat\/es\/wp-json\/wp\/v2\/types\/product"}],"replies":[{"embeddable":true,"href":"https:\/\/www.escoladeiogakumari.cat\/es\/wp-json\/wp\/v2\/comments?post=655"}],"wp:featuredmedia":[{"embeddable":true,"href":"https:\/\/www.escoladeiogakumari.cat\/es\/wp-json\/wp\/v2\/media\/499"}],"wp:attachment":[{"href":"https:\/\/www.escoladeiogakumari.cat\/es\/wp-json\/wp\/v2\/media?parent=655"}],"wp:term":[{"taxonomy":"product_brand","embeddable":true,"href":"https:\/\/www.escoladeiogakumari.cat\/es\/wp-json\/wp\/v2\/product_brand?post=655"},{"taxonomy":"product_cat","embeddable":true,"href":"https:\/\/www.escoladeiogakumari.cat\/es\/wp-json\/wp\/v2\/product_cat?post=655"},{"taxonomy":"product_tag","embeddable":true,"href":"https:\/\/www.escoladeiogakumari.cat\/es\/wp-json\/wp\/v2\/product_tag?post=655"}],"curies":[{"name":"wp","href":"https:\/\/api.w.org\/{rel}","templated":true}]}}