{"id":656,"date":"2023-12-29T18:20:35","date_gmt":"2023-12-29T16:20:35","guid":{"rendered":"https:\/\/www.escoladeiogakumari.cat\/?post_type=product&#038;p=656"},"modified":"2024-01-09T12:51:36","modified_gmt":"2024-01-09T10:51:36","slug":"cartas-yoga-para-toda-la-familia","status":"publish","type":"product","link":"https:\/\/www.escoladeiogakumari.cat\/es\/producte\/cartas-yoga-para-toda-la-familia\/","title":{"rendered":"Cartas Yoga para toda la familia"},"content":{"rendered":"","protected":false},"excerpt":{"rendered":"<p>Las tarjetas Amma de yoga han sido creadas con pasi\u00f3n, desde el coraz\u00f3n, con la intenci\u00f3n de que peque\u00f1os y mayores aprendan, se diviertan, crezcan y muestren el amor que existe entre ellos.<\/p>\n<p>&nbsp;<\/p>\n<p><strong>CONTENIDO:<\/strong><\/p>\n<ul>\n<li>28 cartas ilustradas con frases canalizadas.<\/li>\n<li>18 cartas de posturas de yoga individuales.<\/li>\n<li>4 cartas de posturas de yoga dobles.<\/li>\n<li>3 cartas de pranaiamas (respiraci\u00f3n).<\/li>\n<li>3 cartas de diferentes opciones para jugar.<\/li>\n<\/ul>\n<p>&nbsp; <a class=\"continue\" href=\"https:\/\/www.escoladeiogakumari.cat\/es\/producte\/cartas-yoga-para-toda-la-familia\/\">CONTINUAR >>><span> Cartas Yoga para toda la familia<\/span><\/a><\/p>\n","protected":false},"featured_media":496,"comment_status":"open","ping_status":"closed","template":"","meta":[],"product_brand":[],"product_cat":[50],"product_tag":[],"class_list":{"0":"post-656","1":"product","2":"type-product","3":"status-publish","4":"has-post-thumbnail","6":"product_cat-accesorios","8":"first","9":"instock","10":"sold-individually","11":"taxable","12":"shipping-taxable","13":"purchasable","14":"product-type-simple"},"_links":{"self":[{"href":"https:\/\/www.escoladeiogakumari.cat\/es\/wp-json\/wp\/v2\/product\/656","targetHints":{"allow":["GET"]}}],"collection":[{"href":"https:\/\/www.escoladeiogakumari.cat\/es\/wp-json\/wp\/v2\/product"}],"about":[{"href":"https:\/\/www.escoladeiogakumari.cat\/es\/wp-json\/wp\/v2\/types\/product"}],"replies":[{"embeddable":true,"href":"https:\/\/www.escoladeiogakumari.cat\/es\/wp-json\/wp\/v2\/comments?post=656"}],"wp:featuredmedia":[{"embeddable":true,"href":"https:\/\/www.escoladeiogakumari.cat\/es\/wp-json\/wp\/v2\/media\/496"}],"wp:attachment":[{"href":"https:\/\/www.escoladeiogakumari.cat\/es\/wp-json\/wp\/v2\/media?parent=656"}],"wp:term":[{"taxonomy":"product_brand","embeddable":true,"href":"https:\/\/www.escoladeiogakumari.cat\/es\/wp-json\/wp\/v2\/product_brand?post=656"},{"taxonomy":"product_cat","embeddable":true,"href":"https:\/\/www.escoladeiogakumari.cat\/es\/wp-json\/wp\/v2\/product_cat?post=656"},{"taxonomy":"product_tag","embeddable":true,"href":"https:\/\/www.escoladeiogakumari.cat\/es\/wp-json\/wp\/v2\/product_tag?post=656"}],"curies":[{"name":"wp","href":"https:\/\/api.w.org\/{rel}","templated":true}]}}