{"id":662,"date":"2023-12-29T18:08:46","date_gmt":"2023-12-29T16:08:46","guid":{"rendered":"https:\/\/www.escoladeiogakumari.cat\/?post_type=product&#038;p=662"},"modified":"2024-01-09T13:11:55","modified_gmt":"2024-01-09T11:11:55","slug":"esterilla-de-yoga-travel-3mm","status":"publish","type":"product","link":"https:\/\/www.escoladeiogakumari.cat\/es\/producte\/esterilla-de-yoga-travel-3mm\/","title":{"rendered":"Esterilla de Yoga travel 3mm"},"content":{"rendered":"","protected":false},"excerpt":{"rendered":"<p><strong>MEDIDAS:<\/strong> 183x60cm.<\/p>\n<p><strong>GRUESO:<\/strong> 4mm<\/p>\n<p><strong>PESO APROXIMADO:<\/strong> 950gr.<\/p>\n<p>&nbsp;<\/p>\n<p>Una esterilla de yoga es una superficie delgada y acolchada dise\u00f1ada espec\u00edficamente para practicar yoga. Proporcionan tracci\u00f3n y amortiguaci\u00f3n para mejorar la estabilidad durante las posturas, reducir el riesgo de deslizamientos y proteger las articulaciones de superficies duras. Adem\u00e1s tienen una textura antideslizante en la parte superior para mejorar la adherencia, mientras que la parte inferior est\u00e1 dise\u00f1ada para adherirse al suelo y evitar movimientos no deseados durante la pr\u00e1ctica. <a class=\"continue\" href=\"https:\/\/www.escoladeiogakumari.cat\/es\/producte\/esterilla-de-yoga-travel-3mm\/\">CONTINUAR >>><span> Esterilla de Yoga travel 3mm<\/span><\/a><\/p>\n","protected":false},"featured_media":486,"comment_status":"open","ping_status":"closed","template":"","meta":[],"product_brand":[],"product_cat":[50],"product_tag":[],"class_list":{"0":"post-662","1":"product","2":"type-product","3":"status-publish","4":"has-post-thumbnail","6":"product_cat-accesorios","8":"first","9":"instock","10":"taxable","11":"shipping-taxable","12":"purchasable","13":"product-type-variable"},"_links":{"self":[{"href":"https:\/\/www.escoladeiogakumari.cat\/es\/wp-json\/wp\/v2\/product\/662","targetHints":{"allow":["GET"]}}],"collection":[{"href":"https:\/\/www.escoladeiogakumari.cat\/es\/wp-json\/wp\/v2\/product"}],"about":[{"href":"https:\/\/www.escoladeiogakumari.cat\/es\/wp-json\/wp\/v2\/types\/product"}],"replies":[{"embeddable":true,"href":"https:\/\/www.escoladeiogakumari.cat\/es\/wp-json\/wp\/v2\/comments?post=662"}],"wp:featuredmedia":[{"embeddable":true,"href":"https:\/\/www.escoladeiogakumari.cat\/es\/wp-json\/wp\/v2\/media\/486"}],"wp:attachment":[{"href":"https:\/\/www.escoladeiogakumari.cat\/es\/wp-json\/wp\/v2\/media?parent=662"}],"wp:term":[{"taxonomy":"product_brand","embeddable":true,"href":"https:\/\/www.escoladeiogakumari.cat\/es\/wp-json\/wp\/v2\/product_brand?post=662"},{"taxonomy":"product_cat","embeddable":true,"href":"https:\/\/www.escoladeiogakumari.cat\/es\/wp-json\/wp\/v2\/product_cat?post=662"},{"taxonomy":"product_tag","embeddable":true,"href":"https:\/\/www.escoladeiogakumari.cat\/es\/wp-json\/wp\/v2\/product_tag?post=662"}],"curies":[{"name":"wp","href":"https:\/\/api.w.org\/{rel}","templated":true}]}}