{"id":665,"date":"2023-12-29T17:59:35","date_gmt":"2023-12-29T15:59:35","guid":{"rendered":"https:\/\/www.escoladeiogakumari.cat\/?post_type=product&#038;p=665"},"modified":"2024-01-09T13:11:51","modified_gmt":"2024-01-09T11:11:51","slug":"esterilla-de-yoga-basica-4mm","status":"publish","type":"product","link":"https:\/\/www.escoladeiogakumari.cat\/es\/producte\/esterilla-de-yoga-basica-4mm\/","title":{"rendered":"Esterilla de Yoga b\u00e1sica 4mm"},"content":{"rendered":"","protected":false},"excerpt":{"rendered":"<p>&lt;strong&gt;MEDIDAS:&lt;\/strong&gt; 183x60cm.<\/p>\n<p>&lt;strong&gt;GRUESO:&lt;\/strong&gt; 4mm<\/p>\n<p>&lt;strong&gt;PESO APROXIMADO:&lt;\/strong&gt; 950gr.<\/p>\n<p>&amp;nbsp;<\/p>\n<p>Una esterilla de yoga es una superficie delgada y acolchada dise\u00f1ada espec\u00edficamente para practicar yoga. Proporcionan tracci\u00f3n y amortiguaci\u00f3n para mejorar la estabilidad durante las posturas, reducir el riesgo de deslizamientos y proteger las articulaciones de superficies duras. Adem\u00e1s tienen una textura antideslizante en la parte superior para mejorar la adherencia, mientras que la parte inferior est\u00e1 dise\u00f1ada para adherirse al suelo y evitar movimientos no deseados durante la pr\u00e1ctica. <a class=\"continue\" href=\"https:\/\/www.escoladeiogakumari.cat\/es\/producte\/esterilla-de-yoga-basica-4mm\/\">CONTINUAR >>><span> Esterilla de Yoga b\u00e1sica 4mm<\/span><\/a><\/p>\n","protected":false},"featured_media":476,"comment_status":"open","ping_status":"closed","template":"","meta":[],"product_brand":[],"product_cat":[50],"product_tag":[],"class_list":{"0":"post-665","1":"product","2":"type-product","3":"status-publish","4":"has-post-thumbnail","6":"product_cat-accesorios","8":"first","9":"instock","10":"taxable","11":"shipping-taxable","12":"purchasable","13":"product-type-variable"},"_links":{"self":[{"href":"https:\/\/www.escoladeiogakumari.cat\/es\/wp-json\/wp\/v2\/product\/665","targetHints":{"allow":["GET"]}}],"collection":[{"href":"https:\/\/www.escoladeiogakumari.cat\/es\/wp-json\/wp\/v2\/product"}],"about":[{"href":"https:\/\/www.escoladeiogakumari.cat\/es\/wp-json\/wp\/v2\/types\/product"}],"replies":[{"embeddable":true,"href":"https:\/\/www.escoladeiogakumari.cat\/es\/wp-json\/wp\/v2\/comments?post=665"}],"wp:featuredmedia":[{"embeddable":true,"href":"https:\/\/www.escoladeiogakumari.cat\/es\/wp-json\/wp\/v2\/media\/476"}],"wp:attachment":[{"href":"https:\/\/www.escoladeiogakumari.cat\/es\/wp-json\/wp\/v2\/media?parent=665"}],"wp:term":[{"taxonomy":"product_brand","embeddable":true,"href":"https:\/\/www.escoladeiogakumari.cat\/es\/wp-json\/wp\/v2\/product_brand?post=665"},{"taxonomy":"product_cat","embeddable":true,"href":"https:\/\/www.escoladeiogakumari.cat\/es\/wp-json\/wp\/v2\/product_cat?post=665"},{"taxonomy":"product_tag","embeddable":true,"href":"https:\/\/www.escoladeiogakumari.cat\/es\/wp-json\/wp\/v2\/product_tag?post=665"}],"curies":[{"name":"wp","href":"https:\/\/api.w.org\/{rel}","templated":true}]}}