{"id":671,"date":"2023-12-29T15:11:15","date_gmt":"2023-12-29T13:11:15","guid":{"rendered":"https:\/\/www.escoladeiogakumari.cat\/?post_type=product&#038;p=671"},"modified":"2025-02-19T17:50:18","modified_gmt":"2025-02-19T15:50:18","slug":"yoga-inscripcion-1-mes-1-clase-semanal-presencial-matricula","status":"publish","type":"product","link":"https:\/\/www.escoladeiogakumari.cat\/es\/producte\/yoga-inscripcion-1-mes-1-clase-semanal-presencial-matricula\/","title":{"rendered":"YOGA: Inscripci\u00f3n 1 mes 1 clase semanal PRESENCIAL + matr\u00edcula"},"content":{"rendered":"","protected":false},"excerpt":{"rendered":"<p>Yoga significa uni\u00f3n de cuerpo, mente y esp\u00edritu. Aqu\u00ed comparto algunos de los beneficios de la pr\u00e1ctica de yoga:<\/p>\n<p>&nbsp;<\/p>\n<p>\u00b7 Liberar el cuerpo de las tensiones.<\/p>\n<p>\u00b7 Calma la mente.<\/p>\n<p>\u00b7 Ense\u00f1a a respirar.<\/p>\n<p>\u00b7 Llena de energ\u00eda.<\/p>\n<p>\u00b7 Equilibra el sistema nervioso.<\/p>\n<p>\u00b7 Te conecta contigo mismo@.<\/p>\n<p>\u00b7 Calma la mente.<\/p>\n<p>&nbsp;<\/p>\n<p>Las clases de yoga son de 75 minutos y multinivel, adaptada a cada persona. <a class=\"continue\" href=\"https:\/\/www.escoladeiogakumari.cat\/es\/producte\/yoga-inscripcion-1-mes-1-clase-semanal-presencial-matricula\/\">CONTINUAR >>><span> YOGA: Inscripci\u00f3n 1 mes 1 clase semanal PRESENCIAL + matr\u00edcula<\/span><\/a><\/p>\n","protected":false},"featured_media":442,"comment_status":"open","ping_status":"closed","template":"","meta":[],"product_brand":[],"product_cat":[51],"product_tag":[],"class_list":{"0":"post-671","1":"product","2":"type-product","3":"status-publish","4":"has-post-thumbnail","6":"product_cat-clases","8":"first","9":"instock","10":"sold-individually","11":"taxable","12":"shipping-taxable","13":"purchasable","14":"product-type-variable"},"_links":{"self":[{"href":"https:\/\/www.escoladeiogakumari.cat\/es\/wp-json\/wp\/v2\/product\/671","targetHints":{"allow":["GET"]}}],"collection":[{"href":"https:\/\/www.escoladeiogakumari.cat\/es\/wp-json\/wp\/v2\/product"}],"about":[{"href":"https:\/\/www.escoladeiogakumari.cat\/es\/wp-json\/wp\/v2\/types\/product"}],"replies":[{"embeddable":true,"href":"https:\/\/www.escoladeiogakumari.cat\/es\/wp-json\/wp\/v2\/comments?post=671"}],"wp:featuredmedia":[{"embeddable":true,"href":"https:\/\/www.escoladeiogakumari.cat\/es\/wp-json\/wp\/v2\/media\/442"}],"wp:attachment":[{"href":"https:\/\/www.escoladeiogakumari.cat\/es\/wp-json\/wp\/v2\/media?parent=671"}],"wp:term":[{"taxonomy":"product_brand","embeddable":true,"href":"https:\/\/www.escoladeiogakumari.cat\/es\/wp-json\/wp\/v2\/product_brand?post=671"},{"taxonomy":"product_cat","embeddable":true,"href":"https:\/\/www.escoladeiogakumari.cat\/es\/wp-json\/wp\/v2\/product_cat?post=671"},{"taxonomy":"product_tag","embeddable":true,"href":"https:\/\/www.escoladeiogakumari.cat\/es\/wp-json\/wp\/v2\/product_tag?post=671"}],"curies":[{"name":"wp","href":"https:\/\/api.w.org\/{rel}","templated":true}]}}