{"id":679,"date":"2023-12-29T14:16:47","date_gmt":"2023-12-29T12:16:47","guid":{"rendered":"https:\/\/www.escoladeiogakumari.cat\/?post_type=product&#038;p=679"},"modified":"2024-01-09T13:15:28","modified_gmt":"2024-01-09T11:15:28","slug":"vale-4-clases-de-yoga","status":"publish","type":"product","link":"https:\/\/www.escoladeiogakumari.cat\/es\/producte\/vale-4-clases-de-yoga\/","title":{"rendered":"Vale 4 clases de Yoga"},"content":{"rendered":"","protected":false},"excerpt":{"rendered":"<p><strong>IMPORTANTE: ponerse en contacto con la Escuela de Yoga Kumari antes de dar las clases para pactar qu\u00e9 d\u00eda se quieren hacer (depender\u00e1 de la capacidad de cada grupo).<\/strong><\/p>\n<p>&nbsp;<\/p>\n<p>Yoga significa uni\u00f3n de cuerpo, mente y esp\u00edritu. Aqu\u00ed comparto algunos de los beneficios de la pr\u00e1ctica de yoga:<\/p>\n<p>&nbsp;<\/p>\n<p>\u00b7 Liberar el cuerpo de las tensiones.<\/p>\n<p>\u00b7 Calma la mente.<\/p>\n<p>\u00b7 Ense\u00f1a a respirar.<\/p>\n<p>\u00b7 Llena de energ\u00eda.<\/p>\n<p>\u00b7 Equilibra el sistema nervioso.<\/p>\n<p>\u00b7 Te conecta contigo mismo@.<\/p>\n<p>\u00b7 Calma la mente.<\/p>\n<p>&nbsp;<\/p>\n<p>Las clases de yoga son de 75 minutos y multinivel, adaptada a cada persona. <a class=\"continue\" href=\"https:\/\/www.escoladeiogakumari.cat\/es\/producte\/vale-4-clases-de-yoga\/\">CONTINUAR >>><span> Vale 4 clases de Yoga<\/span><\/a><\/p>\n","protected":false},"featured_media":410,"comment_status":"open","ping_status":"closed","template":"","meta":[],"product_brand":[],"product_cat":[54],"product_tag":[],"class_list":{"0":"post-679","1":"product","2":"type-product","3":"status-publish","4":"has-post-thumbnail","6":"product_cat-vales","8":"first","9":"instock","10":"sold-individually","11":"taxable","12":"shipping-taxable","13":"purchasable","14":"product-type-simple"},"_links":{"self":[{"href":"https:\/\/www.escoladeiogakumari.cat\/es\/wp-json\/wp\/v2\/product\/679","targetHints":{"allow":["GET"]}}],"collection":[{"href":"https:\/\/www.escoladeiogakumari.cat\/es\/wp-json\/wp\/v2\/product"}],"about":[{"href":"https:\/\/www.escoladeiogakumari.cat\/es\/wp-json\/wp\/v2\/types\/product"}],"replies":[{"embeddable":true,"href":"https:\/\/www.escoladeiogakumari.cat\/es\/wp-json\/wp\/v2\/comments?post=679"}],"wp:featuredmedia":[{"embeddable":true,"href":"https:\/\/www.escoladeiogakumari.cat\/es\/wp-json\/wp\/v2\/media\/410"}],"wp:attachment":[{"href":"https:\/\/www.escoladeiogakumari.cat\/es\/wp-json\/wp\/v2\/media?parent=679"}],"wp:term":[{"taxonomy":"product_brand","embeddable":true,"href":"https:\/\/www.escoladeiogakumari.cat\/es\/wp-json\/wp\/v2\/product_brand?post=679"},{"taxonomy":"product_cat","embeddable":true,"href":"https:\/\/www.escoladeiogakumari.cat\/es\/wp-json\/wp\/v2\/product_cat?post=679"},{"taxonomy":"product_tag","embeddable":true,"href":"https:\/\/www.escoladeiogakumari.cat\/es\/wp-json\/wp\/v2\/product_tag?post=679"}],"curies":[{"name":"wp","href":"https:\/\/api.w.org\/{rel}","templated":true}]}}