{"id":822,"date":"2024-09-17T10:29:15","date_gmt":"2024-09-17T08:29:15","guid":{"rendered":"https:\/\/www.escoladeiogakumari.cat\/?post_type=product&#038;p=822"},"modified":"2024-09-17T12:56:24","modified_gmt":"2024-09-17T10:56:24","slug":"raspador-lingual","status":"publish","type":"product","link":"https:\/\/www.escoladeiogakumari.cat\/es\/producte\/raspador-lingual\/","title":{"rendered":"Raspador lingual"},"content":{"rendered":"","protected":false},"excerpt":{"rendered":"<p>Un raspador lingual es un instrumento de limpieza oral dise\u00f1ado para eliminar la capa de bacterias, residuos de alimentos y c\u00e9lulas muertas que se acumulan en la superficie de la lengua. Esta acumulaci\u00f3n puede contribuir al mal olor bucal (halitosis) e incluso afectar al sentido del gusto. El uso regular del rascador lingual ayuda a mejorar la higiene bucal, ya que reduce la carga bacteriana en la boca y puede prevenir problemas como la caries y las enfermedades de las enc\u00edas. Adem\u00e1s, limpiar la lengua puede dar una sensaci\u00f3n de frescura y contribuir a una mejor salud general, ya que una boca limpia reduce el riesgo de que las bacterias puedan entrar en el cuerpo a trav\u00e9s del sistema digestivo o respiratorio. <a class=\"continue\" href=\"https:\/\/www.escoladeiogakumari.cat\/es\/producte\/raspador-lingual\/\">CONTINUAR >>><span> Raspador lingual<\/span><\/a><\/p>\n","protected":false},"featured_media":800,"comment_status":"open","ping_status":"closed","template":"","meta":[],"product_brand":[],"product_cat":[50],"product_tag":[],"class_list":{"0":"post-822","1":"product","2":"type-product","3":"status-publish","4":"has-post-thumbnail","6":"product_cat-accesorios","8":"first","9":"instock","10":"taxable","11":"shipping-taxable","12":"purchasable","13":"product-type-simple"},"_links":{"self":[{"href":"https:\/\/www.escoladeiogakumari.cat\/es\/wp-json\/wp\/v2\/product\/822","targetHints":{"allow":["GET"]}}],"collection":[{"href":"https:\/\/www.escoladeiogakumari.cat\/es\/wp-json\/wp\/v2\/product"}],"about":[{"href":"https:\/\/www.escoladeiogakumari.cat\/es\/wp-json\/wp\/v2\/types\/product"}],"replies":[{"embeddable":true,"href":"https:\/\/www.escoladeiogakumari.cat\/es\/wp-json\/wp\/v2\/comments?post=822"}],"wp:featuredmedia":[{"embeddable":true,"href":"https:\/\/www.escoladeiogakumari.cat\/es\/wp-json\/wp\/v2\/media\/800"}],"wp:attachment":[{"href":"https:\/\/www.escoladeiogakumari.cat\/es\/wp-json\/wp\/v2\/media?parent=822"}],"wp:term":[{"taxonomy":"product_brand","embeddable":true,"href":"https:\/\/www.escoladeiogakumari.cat\/es\/wp-json\/wp\/v2\/product_brand?post=822"},{"taxonomy":"product_cat","embeddable":true,"href":"https:\/\/www.escoladeiogakumari.cat\/es\/wp-json\/wp\/v2\/product_cat?post=822"},{"taxonomy":"product_tag","embeddable":true,"href":"https:\/\/www.escoladeiogakumari.cat\/es\/wp-json\/wp\/v2\/product_tag?post=822"}],"curies":[{"name":"wp","href":"https:\/\/api.w.org\/{rel}","templated":true}]}}