{"id":825,"date":"2024-09-17T12:18:53","date_gmt":"2024-09-17T10:18:53","guid":{"rendered":"https:\/\/www.escoladeiogakumari.cat\/?post_type=product&#038;p=825"},"modified":"2024-09-17T12:58:19","modified_gmt":"2024-09-17T10:58:19","slug":"japa-mala-rudrashka-con-turquesas","status":"publish","type":"product","link":"https:\/\/www.escoladeiogakumari.cat\/es\/producte\/japa-mala-rudrashka-con-turquesas\/","title":{"rendered":"Japa Mala rudrashka con turquesas"},"content":{"rendered":"","protected":false},"excerpt":{"rendered":"<p>Un Japa Mala es un collar tradicional utilizado en la pr\u00e1ctica de la meditaci\u00f3n. Est\u00e1 compuesto por cuentas, generalmente 108 en n\u00famero, aunque algunos Malas pueden tener un n\u00famero diferente de cuentas, como 27 o 54.<\/p>\n<p>&nbsp;<\/p>\n<p>Cada cuenta representa una repetici\u00f3n de mantra u oraci\u00f3n durante la meditaci\u00f3n. Japa Mala se utiliza como una herramienta para explicar las repeticiones del mantra, ayudando a mantener el enfoque y la concentraci\u00f3n durante la pr\u00e1ctica meditativa.<\/p>\n<p>&nbsp;<\/p>\n<p>El proceso de recitar el mantra se conoce como \u00abJapa\u00bb. Los practicantes utilizan la Japa Mala moviendo una cuenta a la vez con los dedos mientras recitan o susurran el mantra, pasando por cada cuenta hasta completar el ciclo de 108 repeticiones (o el n\u00famero total de cuentas en la Mala).<\/p>\n<p>&nbsp;<\/p>\n<p>Adem\u00e1s de su funci\u00f3n pr\u00e1ctica durante la meditaci\u00f3n, las Japa Malas tienen significados espirituales y simb\u00f3licos. Son consideradas como objetos sagrados y se seleccionan cuidadosamente seg\u00fan las preferencias personales o la conexi\u00f3n espiritual con los materiales utilizados en su fabricaci\u00f3n. <a class=\"continue\" href=\"https:\/\/www.escoladeiogakumari.cat\/es\/producte\/japa-mala-rudrashka-con-turquesas\/\">CONTINUAR >>><span> Japa Mala rudrashka con turquesas<\/span><\/a><\/p>\n","protected":false},"featured_media":808,"comment_status":"open","ping_status":"closed","template":"","meta":[],"product_brand":[],"product_cat":[53],"product_tag":[],"class_list":{"0":"post-825","1":"product","2":"type-product","3":"status-publish","4":"has-post-thumbnail","6":"product_cat-japa-mala-es","8":"first","9":"instock","10":"taxable","11":"shipping-taxable","12":"purchasable","13":"product-type-simple"},"_links":{"self":[{"href":"https:\/\/www.escoladeiogakumari.cat\/es\/wp-json\/wp\/v2\/product\/825","targetHints":{"allow":["GET"]}}],"collection":[{"href":"https:\/\/www.escoladeiogakumari.cat\/es\/wp-json\/wp\/v2\/product"}],"about":[{"href":"https:\/\/www.escoladeiogakumari.cat\/es\/wp-json\/wp\/v2\/types\/product"}],"replies":[{"embeddable":true,"href":"https:\/\/www.escoladeiogakumari.cat\/es\/wp-json\/wp\/v2\/comments?post=825"}],"wp:featuredmedia":[{"embeddable":true,"href":"https:\/\/www.escoladeiogakumari.cat\/es\/wp-json\/wp\/v2\/media\/808"}],"wp:attachment":[{"href":"https:\/\/www.escoladeiogakumari.cat\/es\/wp-json\/wp\/v2\/media?parent=825"}],"wp:term":[{"taxonomy":"product_brand","embeddable":true,"href":"https:\/\/www.escoladeiogakumari.cat\/es\/wp-json\/wp\/v2\/product_brand?post=825"},{"taxonomy":"product_cat","embeddable":true,"href":"https:\/\/www.escoladeiogakumari.cat\/es\/wp-json\/wp\/v2\/product_cat?post=825"},{"taxonomy":"product_tag","embeddable":true,"href":"https:\/\/www.escoladeiogakumari.cat\/es\/wp-json\/wp\/v2\/product_tag?post=825"}],"curies":[{"name":"wp","href":"https:\/\/api.w.org\/{rel}","templated":true}]}}