{"id":829,"date":"2024-09-17T12:29:39","date_gmt":"2024-09-17T10:29:39","guid":{"rendered":"https:\/\/www.escoladeiogakumari.cat\/?post_type=product&#038;p=829"},"modified":"2024-09-17T13:05:57","modified_gmt":"2024-09-17T11:05:57","slug":"retiro-8-9-10-noviembre-2024","status":"publish","type":"product","link":"https:\/\/www.escoladeiogakumari.cat\/es\/producte\/retiro-8-9-10-noviembre-2024\/","title":{"rendered":"RETIRO 8, 9 y 10 DE NOVIEMBRE DE 2024<br \/>(RESERVA DE PLAZA)"},"content":{"rendered":"","protected":false},"excerpt":{"rendered":"<p><strong>IMPORTANTE: LA COMPRA S\u00d3LO IMPLICA UNA RESERVA DE PLAZA. CUANDO EL CURSO SE CONFIRME, DEBER\u00c1 ABONARSE EL PRECIO ENTERO ANTES DE EMPEZARLO.<\/strong><\/p>\n<p>&nbsp;<\/p>\n<p>\u0950 Somos Maribel y Toti y te invitamos a sumergirte en un remanso \u00fanico que combina el poder del yoga, la meditaci\u00f3n y la magia de la m\u00fasica. Durante tres d\u00edas tambi\u00e9n disfrutar\u00e1s de viajes sonoros que te acompa\u00f1ar\u00e1n a cada respiraci\u00f3n, rodeado por la naturaleza de la Esclusa (Gironella) y en el silencio m\u00e1s profundo. Conecta contigo mismo a trav\u00e9s de paseos conscientes, kirtanos vibrantes y momentos de sadhana que te elevar\u00e1n el alma.<\/p>\n<p>&nbsp;<\/p>\n<p>\u0950 Nuestro prop\u00f3sito es crear momentos para que puedas desconectar, nutrirte y acompa\u00f1arnos a volver a la esencia. \u00bfTe vas a dar este espacio?\u2728\u2728<\/p>\n<p>\u27288,9 y 10 de noviembre en La Resclosa, espacio de luz (Gironella)<\/p>\n<p>\u00a1Reserva tu sitio y crea la paz interior que tanto buscas! <a class=\"continue\" href=\"https:\/\/www.escoladeiogakumari.cat\/es\/producte\/retiro-8-9-10-noviembre-2024\/\">CONTINUAR >>><span> RETIRO 8, 9 y 10 DE NOVIEMBRE DE 2024<br \/>(RESERVA DE PLAZA)<\/span><\/a><\/p>\n","protected":false},"featured_media":821,"comment_status":"open","ping_status":"closed","template":"","meta":[],"product_brand":[],"product_cat":[52],"product_tag":[],"class_list":{"0":"post-829","1":"product","2":"type-product","3":"status-publish","4":"has-post-thumbnail","6":"product_cat-cursos-es","8":"first","9":"instock","10":"taxable","11":"shipping-taxable","12":"purchasable","13":"product-type-simple"},"_links":{"self":[{"href":"https:\/\/www.escoladeiogakumari.cat\/es\/wp-json\/wp\/v2\/product\/829","targetHints":{"allow":["GET"]}}],"collection":[{"href":"https:\/\/www.escoladeiogakumari.cat\/es\/wp-json\/wp\/v2\/product"}],"about":[{"href":"https:\/\/www.escoladeiogakumari.cat\/es\/wp-json\/wp\/v2\/types\/product"}],"replies":[{"embeddable":true,"href":"https:\/\/www.escoladeiogakumari.cat\/es\/wp-json\/wp\/v2\/comments?post=829"}],"wp:featuredmedia":[{"embeddable":true,"href":"https:\/\/www.escoladeiogakumari.cat\/es\/wp-json\/wp\/v2\/media\/821"}],"wp:attachment":[{"href":"https:\/\/www.escoladeiogakumari.cat\/es\/wp-json\/wp\/v2\/media?parent=829"}],"wp:term":[{"taxonomy":"product_brand","embeddable":true,"href":"https:\/\/www.escoladeiogakumari.cat\/es\/wp-json\/wp\/v2\/product_brand?post=829"},{"taxonomy":"product_cat","embeddable":true,"href":"https:\/\/www.escoladeiogakumari.cat\/es\/wp-json\/wp\/v2\/product_cat?post=829"},{"taxonomy":"product_tag","embeddable":true,"href":"https:\/\/www.escoladeiogakumari.cat\/es\/wp-json\/wp\/v2\/product_tag?post=829"}],"curies":[{"name":"wp","href":"https:\/\/api.w.org\/{rel}","templated":true}]}}